{"id":2098,"date":"2024-01-30T17:34:53","date_gmt":"2024-01-30T17:34:53","guid":{"rendered":"https:\/\/primuscoating.com\/mexico\/?page_id=2098"},"modified":"2024-09-11T20:19:52","modified_gmt":"2024-09-11T20:19:52","slug":"cookie-policy","status":"publish","type":"page","link":"https:\/\/primuscoating.com\/mexico\/cookie-policy\/","title":{"rendered":"Cookie Policy"},"content":{"rendered":"\t\t<div data-elementor-type=\"wp-page\" data-elementor-id=\"2098\" class=\"elementor elementor-2098\" data-elementor-settings=\"{&quot;ha_cmc_init_switcher&quot;:&quot;no&quot;}\" data-elementor-post-type=\"page\">\n\t\t\t\t<div class=\"elementor-element elementor-element-618e843 e-flex e-con-boxed elementor-invisible e-con e-parent\" data-id=\"618e843\" data-element_type=\"container\" data-settings=\"{&quot;background_background&quot;:&quot;classic&quot;,&quot;animation&quot;:&quot;fadeIn&quot;,&quot;_ha_eqh_enable&quot;:false}\">\n\t\t\t\t\t<div class=\"e-con-inner\">\n\t\t\t\t<div class=\"elementor-element elementor-element-dac70f8 elementor-invisible elementor-widget elementor-widget-heading\" data-id=\"dac70f8\" data-element_type=\"widget\" data-settings=\"{&quot;_animation&quot;:&quot;fadeIn&quot;}\" data-widget_type=\"heading.default\">\n\t\t\t\t<div class=\"elementor-widget-container\">\n\t\t\t\t\t<h1 class=\"elementor-heading-title elementor-size-default\">Cookie Policy<\/h1>\t\t\t\t<\/div>\n\t\t\t\t<\/div>\n\t\t\t\t\t<\/div>\n\t\t\t\t<\/div>\n\t\t<div class=\"elementor-element elementor-element-f78df46 e-flex e-con-boxed elementor-invisible e-con e-parent\" data-id=\"f78df46\" data-element_type=\"container\" data-settings=\"{&quot;animation&quot;:&quot;fadeIn&quot;,&quot;_ha_eqh_enable&quot;:false}\">\n\t\t\t\t\t<div class=\"e-con-inner\">\n\t\t\t\t<div class=\"elementor-element elementor-element-0801eac elementor-widget elementor-widget-text-editor\" data-id=\"0801eac\" data-element_type=\"widget\" data-widget_type=\"text-editor.default\">\n\t\t\t\t<div class=\"elementor-widget-container\">\n\t\t\t\t\t\t\t\t\t<p><strong>1. Introducci\u00f3n<\/strong><\/p><p>Bienvenido al sitio web de Primus Coating (\u201cnosotros\u201d, \u201cnuestro\u201d o \u201csitio\u201d). Esta Pol\u00edtica de cookies tiene como objetivo informarle sobre el uso de cookies y tecnolog\u00edas similares en nuestro sitio.<\/p><p><strong>2. \u00bfQu\u00e9 son las cookies?<\/strong><\/p><p>Las cookies son peque\u00f1os archivos de texto que se almacenan en su dispositivo cuando visita un sitio web. Se utilizan ampliamente para hacer que los sitios web sean m\u00e1s eficientes y proporcionar informaci\u00f3n a los propietarios de los sitios.<\/p><p><strong>3. C\u00f3mo utilizamos las cookies<\/strong><\/p><p>Utilizamos cookies para diversos fines, que incluyen:<\/p><p>Operacionalidad: Cookies esenciales que posibilitan la navegaci\u00f3n y el correcto funcionamiento del sitio.<\/p><p>Rendimiento: Cookies que recopilan informaci\u00f3n sobre c\u00f3mo los visitantes utilizan el sitio para mejorar su funcionalidad y rendimiento.<\/p><p>Funcionalidad: Cookies que permiten al sitio recordar sus preferencias y personalizar su experiencia.<\/p><p>Publicidad: Cookies utilizadas para mostrar anuncios relevantes para usted y sus intereses.<\/p><p><strong>4. Tipos de cookies utilizadas<\/strong><\/p><p>Cookies necesarias: Esenciales para el funcionamiento del sitio, no se pueden desactivar.<\/p><p>Cookies anal\u00edticas: recopilan informaci\u00f3n sobre c\u00f3mo los visitantes utilizan el sitio, como las p\u00e1ginas m\u00e1s visitadas, el tiempo de permanencia, etc.<\/p><p>Cookies de funcionalidad: permiten que el sitio recuerde sus elecciones y personalice su experiencia.<\/p><p>Cookies publicitarias: se utilizan para mostrar anuncios relevantes seg\u00fan sus intereses.<\/p><p><strong>5. Control de cookies<\/strong><\/p><p>Puedes controlar y\/o eliminar las cookies en cualquier momento a trav\u00e9s de la configuraci\u00f3n de tu navegador. Sin embargo, deshabilitar ciertos tipos de cookies puede afectar su experiencia en el sitio.<\/p><p><strong>6. Consentimiento<\/strong><\/p><p>Al utilizar nuestro sitio, acepta el uso de cookies como se describe en esta Pol\u00edtica de cookies. Si no est\u00e1 de acuerdo, le recomendamos ajustar la configuraci\u00f3n de su navegador o suspender el uso del sitio.<\/p><p><strong>7. Cambios en la Pol\u00edtica de Cookies<\/strong><\/p><p>Nos reservamos el derecho de modificar esta Pol\u00edtica de Cookies en cualquier momento. Cualquier cambio se publicar\u00e1 en esta p\u00e1gina con la fecha de la \u00faltima actualizaci\u00f3n.<\/p><p><strong>8. Contacto<\/strong><\/p><p>Si tiene alguna pregunta sobre nuestra Pol\u00edtica de Cookies, no dude en ponerse en contacto con nosotros a trav\u00e9s de la informaci\u00f3n proporcionada en nuestro sitio.<\/p><p>Al continuar utilizando nuestro sitio, usted acepta el uso de cookies como se describe en esta Pol\u00edtica de cookies.<\/p><p>\u00a0<\/p>\t\t\t\t\t\t\t\t<\/div>\n\t\t\t\t<\/div>\n\t\t\t\t\t<\/div>\n\t\t\t\t<\/div>\n\t\t\t\t<\/div>\n\t\t","protected":false},"excerpt":{"rendered":"<p>Cookie Policy 1. Introducci\u00f3n Bienvenido al sitio web de Primus Coating (\u201cnosotros\u201d, \u201cnuestro\u201d o \u201csitio\u201d). Esta Pol\u00edtica de cookies tiene como objetivo informarle sobre el uso de cookies y tecnolog\u00edas similares en nuestro sitio. 2. \u00bfQu\u00e9 son las cookies? Las cookies son peque\u00f1os archivos de texto que se almacenan en su dispositivo cuando visita un [&hellip;]<\/p>\n","protected":false},"author":1,"featured_media":0,"parent":0,"menu_order":0,"comment_status":"closed","ping_status":"closed","template":"","meta":{"footnotes":""},"class_list":["post-2098","page","type-page","status-publish","hentry"],"yoast_head":"<!-- This site is optimized with the Yoast SEO plugin v27.2 - https:\/\/yoast.com\/product\/yoast-seo-wordpress\/ -->\n<title>PrimusCoating M\u00e9xico | Cookie Policy<\/title>\n<meta name=\"description\" content=\"Explore our Cookie Policy at Primus Coating. Learn how we prioritize your privacy while enhancing your browsing experience. Discover more.\" \/>\n<meta name=\"robots\" content=\"index, follow, max-snippet:-1, max-image-preview:large, max-video-preview:-1\" \/>\n<link rel=\"canonical\" href=\"https:\/\/primuscoating.com\/mexico\/cookie-policy\/\" \/>\n<meta property=\"og:locale\" content=\"en_US\" \/>\n<meta property=\"og:type\" content=\"article\" \/>\n<meta property=\"og:title\" content=\"PrimusCoating M\u00e9xico | Cookie Policy\" \/>\n<meta property=\"og:description\" content=\"Explore our Cookie Policy at Primus Coating. Learn how we prioritize your privacy while enhancing your browsing experience. Discover more.\" \/>\n<meta property=\"og:url\" content=\"https:\/\/primuscoating.com\/mexico\/cookie-policy\/\" \/>\n<meta property=\"og:site_name\" content=\"PrimusCoating M\u00e9xico\" \/>\n<meta property=\"article:publisher\" content=\"https:\/\/www.facebook.com\/primuscoatingusa\" \/>\n<meta property=\"article:modified_time\" content=\"2024-09-11T20:19:52+00:00\" \/>\n<meta name=\"twitter:card\" content=\"summary_large_image\" \/>\n<meta name=\"twitter:label1\" content=\"Est. reading time\" \/>\n\t<meta name=\"twitter:data1\" content=\"2 minutes\" \/>\n<script type=\"application\/ld+json\" class=\"yoast-schema-graph\">{\"@context\":\"https:\/\/schema.org\",\"@graph\":[{\"@type\":\"WebPage\",\"@id\":\"https:\/\/primuscoating.com\/mexico\/cookie-policy\/\",\"url\":\"https:\/\/primuscoating.com\/mexico\/cookie-policy\/\",\"name\":\"PrimusCoating M\u00e9xico | Cookie Policy\",\"isPartOf\":{\"@id\":\"https:\/\/primuscoating.com\/mexico\/#website\"},\"datePublished\":\"2024-01-30T17:34:53+00:00\",\"dateModified\":\"2024-09-11T20:19:52+00:00\",\"description\":\"Explore our Cookie Policy at Primus Coating. Learn how we prioritize your privacy while enhancing your browsing experience. Discover more.\",\"breadcrumb\":{\"@id\":\"https:\/\/primuscoating.com\/mexico\/cookie-policy\/#breadcrumb\"},\"inLanguage\":\"en-US\",\"potentialAction\":[{\"@type\":\"ReadAction\",\"target\":[\"https:\/\/primuscoating.com\/mexico\/cookie-policy\/\"]}]},{\"@type\":\"BreadcrumbList\",\"@id\":\"https:\/\/primuscoating.com\/mexico\/cookie-policy\/#breadcrumb\",\"itemListElement\":[{\"@type\":\"ListItem\",\"position\":1,\"name\":\"Home\",\"item\":\"https:\/\/primuscoating.com\/mexico\/\"},{\"@type\":\"ListItem\",\"position\":2,\"name\":\"Cookie Policy\"}]},{\"@type\":\"WebSite\",\"@id\":\"https:\/\/primuscoating.com\/mexico\/#website\",\"url\":\"https:\/\/primuscoating.com\/mexico\/\",\"name\":\"Primus Coating\",\"description\":\"\",\"publisher\":{\"@id\":\"https:\/\/primuscoating.com\/mexico\/#organization\"},\"potentialAction\":[{\"@type\":\"SearchAction\",\"target\":{\"@type\":\"EntryPoint\",\"urlTemplate\":\"https:\/\/primuscoating.com\/mexico\/?s={search_term_string}\"},\"query-input\":{\"@type\":\"PropertyValueSpecification\",\"valueRequired\":true,\"valueName\":\"search_term_string\"}}],\"inLanguage\":\"en-US\"},{\"@type\":\"Organization\",\"@id\":\"https:\/\/primuscoating.com\/mexico\/#organization\",\"name\":\"Primus Coating\",\"url\":\"https:\/\/primuscoating.com\/mexico\/\",\"logo\":{\"@type\":\"ImageObject\",\"inLanguage\":\"en-US\",\"@id\":\"https:\/\/primuscoating.com\/mexico\/#\/schema\/logo\/image\/\",\"url\":\"https:\/\/primuscoating.com\/mexico\/wp-content\/uploads\/2024\/01\/Logo_Primus_Coating_cor.png\",\"contentUrl\":\"https:\/\/primuscoating.com\/mexico\/wp-content\/uploads\/2024\/01\/Logo_Primus_Coating_cor.png\",\"width\":2733,\"height\":579,\"caption\":\"Primus Coating\"},\"image\":{\"@id\":\"https:\/\/primuscoating.com\/mexico\/#\/schema\/logo\/image\/\"},\"sameAs\":[\"https:\/\/www.facebook.com\/primuscoatingusa\",\"https:\/\/www.instagram.com\/primuscoating\",\"https:\/\/www.linkedin.com\/company\/primuscoating\"]}]}<\/script>\n<!-- \/ Yoast SEO plugin. -->","yoast_head_json":{"title":"PrimusCoating M\u00e9xico | Cookie Policy","description":"Explore our Cookie Policy at Primus Coating. Learn how we prioritize your privacy while enhancing your browsing experience. Discover more.","robots":{"index":"index","follow":"follow","max-snippet":"max-snippet:-1","max-image-preview":"max-image-preview:large","max-video-preview":"max-video-preview:-1"},"canonical":"https:\/\/primuscoating.com\/mexico\/cookie-policy\/","og_locale":"en_US","og_type":"article","og_title":"PrimusCoating M\u00e9xico | Cookie Policy","og_description":"Explore our Cookie Policy at Primus Coating. Learn how we prioritize your privacy while enhancing your browsing experience. Discover more.","og_url":"https:\/\/primuscoating.com\/mexico\/cookie-policy\/","og_site_name":"PrimusCoating M\u00e9xico","article_publisher":"https:\/\/www.facebook.com\/primuscoatingusa","article_modified_time":"2024-09-11T20:19:52+00:00","twitter_card":"summary_large_image","twitter_misc":{"Est. reading time":"2 minutes"},"schema":{"@context":"https:\/\/schema.org","@graph":[{"@type":"WebPage","@id":"https:\/\/primuscoating.com\/mexico\/cookie-policy\/","url":"https:\/\/primuscoating.com\/mexico\/cookie-policy\/","name":"PrimusCoating M\u00e9xico | Cookie Policy","isPartOf":{"@id":"https:\/\/primuscoating.com\/mexico\/#website"},"datePublished":"2024-01-30T17:34:53+00:00","dateModified":"2024-09-11T20:19:52+00:00","description":"Explore our Cookie Policy at Primus Coating. Learn how we prioritize your privacy while enhancing your browsing experience. Discover more.","breadcrumb":{"@id":"https:\/\/primuscoating.com\/mexico\/cookie-policy\/#breadcrumb"},"inLanguage":"en-US","potentialAction":[{"@type":"ReadAction","target":["https:\/\/primuscoating.com\/mexico\/cookie-policy\/"]}]},{"@type":"BreadcrumbList","@id":"https:\/\/primuscoating.com\/mexico\/cookie-policy\/#breadcrumb","itemListElement":[{"@type":"ListItem","position":1,"name":"Home","item":"https:\/\/primuscoating.com\/mexico\/"},{"@type":"ListItem","position":2,"name":"Cookie Policy"}]},{"@type":"WebSite","@id":"https:\/\/primuscoating.com\/mexico\/#website","url":"https:\/\/primuscoating.com\/mexico\/","name":"Primus Coating","description":"","publisher":{"@id":"https:\/\/primuscoating.com\/mexico\/#organization"},"potentialAction":[{"@type":"SearchAction","target":{"@type":"EntryPoint","urlTemplate":"https:\/\/primuscoating.com\/mexico\/?s={search_term_string}"},"query-input":{"@type":"PropertyValueSpecification","valueRequired":true,"valueName":"search_term_string"}}],"inLanguage":"en-US"},{"@type":"Organization","@id":"https:\/\/primuscoating.com\/mexico\/#organization","name":"Primus Coating","url":"https:\/\/primuscoating.com\/mexico\/","logo":{"@type":"ImageObject","inLanguage":"en-US","@id":"https:\/\/primuscoating.com\/mexico\/#\/schema\/logo\/image\/","url":"https:\/\/primuscoating.com\/mexico\/wp-content\/uploads\/2024\/01\/Logo_Primus_Coating_cor.png","contentUrl":"https:\/\/primuscoating.com\/mexico\/wp-content\/uploads\/2024\/01\/Logo_Primus_Coating_cor.png","width":2733,"height":579,"caption":"Primus Coating"},"image":{"@id":"https:\/\/primuscoating.com\/mexico\/#\/schema\/logo\/image\/"},"sameAs":["https:\/\/www.facebook.com\/primuscoatingusa","https:\/\/www.instagram.com\/primuscoating","https:\/\/www.linkedin.com\/company\/primuscoating"]}]}},"_links":{"self":[{"href":"https:\/\/primuscoating.com\/mexico\/wp-json\/wp\/v2\/pages\/2098","targetHints":{"allow":["GET"]}}],"collection":[{"href":"https:\/\/primuscoating.com\/mexico\/wp-json\/wp\/v2\/pages"}],"about":[{"href":"https:\/\/primuscoating.com\/mexico\/wp-json\/wp\/v2\/types\/page"}],"author":[{"embeddable":true,"href":"https:\/\/primuscoating.com\/mexico\/wp-json\/wp\/v2\/users\/1"}],"replies":[{"embeddable":true,"href":"https:\/\/primuscoating.com\/mexico\/wp-json\/wp\/v2\/comments?post=2098"}],"version-history":[{"count":27,"href":"https:\/\/primuscoating.com\/mexico\/wp-json\/wp\/v2\/pages\/2098\/revisions"}],"predecessor-version":[{"id":11928,"href":"https:\/\/primuscoating.com\/mexico\/wp-json\/wp\/v2\/pages\/2098\/revisions\/11928"}],"wp:attachment":[{"href":"https:\/\/primuscoating.com\/mexico\/wp-json\/wp\/v2\/media?parent=2098"}],"curies":[{"name":"wp","href":"https:\/\/api.w.org\/{rel}","templated":true}]}}