{"id":2110,"date":"2024-01-30T17:49:05","date_gmt":"2024-01-30T17:49:05","guid":{"rendered":"https:\/\/primuscoating.com\/mexico\/?page_id=2110"},"modified":"2024-09-11T20:17:00","modified_gmt":"2024-09-11T20:17:00","slug":"privacy-policy","status":"publish","type":"page","link":"https:\/\/primuscoating.com\/mexico\/privacy-policy\/","title":{"rendered":"Privacy Policy"},"content":{"rendered":"\t\t<div data-elementor-type=\"wp-page\" data-elementor-id=\"2110\" class=\"elementor elementor-2110\" data-elementor-settings=\"{&quot;ha_cmc_init_switcher&quot;:&quot;no&quot;}\" data-elementor-post-type=\"page\">\n\t\t\t\t<div class=\"elementor-element elementor-element-0e48234 e-flex e-con-boxed elementor-invisible e-con e-parent\" data-id=\"0e48234\" data-element_type=\"container\" data-settings=\"{&quot;background_background&quot;:&quot;classic&quot;,&quot;animation&quot;:&quot;fadeIn&quot;,&quot;_ha_eqh_enable&quot;:false}\">\n\t\t\t\t\t<div class=\"e-con-inner\">\n\t\t\t\t<div class=\"elementor-element elementor-element-489cbae elementor-widget elementor-widget-heading\" data-id=\"489cbae\" data-element_type=\"widget\" data-widget_type=\"heading.default\">\n\t\t\t\t<div class=\"elementor-widget-container\">\n\t\t\t\t\t<h1 class=\"elementor-heading-title elementor-size-default\">Privacy Policy <\/h1>\t\t\t\t<\/div>\n\t\t\t\t<\/div>\n\t\t\t\t\t<\/div>\n\t\t\t\t<\/div>\n\t\t<div class=\"elementor-element elementor-element-ad8a05e e-flex e-con-boxed elementor-invisible e-con e-parent\" data-id=\"ad8a05e\" data-element_type=\"container\" data-settings=\"{&quot;animation&quot;:&quot;fadeIn&quot;,&quot;_ha_eqh_enable&quot;:false}\">\n\t\t\t\t\t<div class=\"e-con-inner\">\n\t\t\t\t<div class=\"elementor-element elementor-element-6e2e8e8 elementor-widget elementor-widget-text-editor\" data-id=\"6e2e8e8\" data-element_type=\"widget\" data-widget_type=\"text-editor.default\">\n\t\t\t\t<div class=\"elementor-widget-container\">\n\t\t\t\t\t\t\t\t\t<p><strong>1. Introducci\u00f3n<\/strong><\/p><p>Bienvenido al sitio web de Primus Coating (\u201cnosotros\u201d, \u201cnuestro\u201d o \u201csitio\u201d). Esta Pol\u00edtica de Privacidad est\u00e1 dise\u00f1ada para informarle sobre la recopilaci\u00f3n, el uso y la protecci\u00f3n de su informaci\u00f3n personal cuando utiliza nuestro sitio web.<\/p><p><strong>2. Informaci\u00f3n que recopilamos<\/strong><\/p><p>Podemos recopilar varios tipos de informaci\u00f3n, que incluyen:<\/p><p>Informaci\u00f3n personal: como su nombre, direcci\u00f3n de correo electr\u00f3nico, n\u00famero de tel\u00e9fono y otros detalles que proporciona cuando se comunica con nosotros o utiliza nuestros servicios.<\/p><p>Informaci\u00f3n no personal: esto incluye datos sobre sus patrones de uso, preferencias e interacciones con nuestro sitio web que no lo identifican directamente.<\/p><p><strong>3. C\u00f3mo utilizamos su informaci\u00f3n<\/strong><\/p><p>Utilizamos la informaci\u00f3n recopilada para diversos fines, que incluyen:<\/p><p>Proporcionar y mejorar nuestros servicios.<\/p><p>Respondiendo a sus consultas y solicitudes.<\/p><p>Enviarle actualizaciones, boletines informativos y materiales de marketing con su consentimiento.<\/p><p>Analizar el uso del sitio web para mejorar la experiencia del usuario.<\/p><p><strong>4. Intercambio y divulgaci\u00f3n de informaci\u00f3n<\/strong><\/p><p>No vendemos, comercializamos ni transferimos de otro modo su informaci\u00f3n personal a terceros sin su consentimiento. Sin embargo, podemos compartir informaci\u00f3n con terceros confiables que nos ayudan a operar nuestro sitio web o brindarle servicios.<\/p><p><strong>5. Seguridad de los datos<\/strong><\/p><p>Tomamos medidas razonables para proteger su informaci\u00f3n personal contra el acceso no autorizado, la divulgaci\u00f3n, la alteraci\u00f3n y la destrucci\u00f3n. Sin embargo, ning\u00fan m\u00e9todo de transmisi\u00f3n o almacenamiento en l\u00ednea es completamente seguro y no podemos garantizar una seguridad absoluta.<\/p><p><strong>6. Cookies y tecnolog\u00edas similares<\/strong><\/p><p>Consulte nuestra Pol\u00edtica de cookies para obtener informaci\u00f3n sobre c\u00f3mo utilizamos las cookies y tecnolog\u00edas similares.<\/p><p><strong>7. Tus elecciones y derechos<\/strong><\/p><p>Tiene derecho a acceder, corregir o eliminar su informaci\u00f3n personal. Tambi\u00e9n puede optar por no recibir nuestras comunicaciones de marketing. Para obtener m\u00e1s detalles, comun\u00edquese con nosotros a trav\u00e9s de la informaci\u00f3n proporcionada en la Secci\u00f3n 9.<\/p><p><strong>8. Cambios en la Pol\u00edtica de Privacidad<\/strong><\/p><p>Nos reservamos el derecho de modificar esta Pol\u00edtica de Privacidad en cualquier momento. Cualquier cambio se publicar\u00e1 en esta p\u00e1gina con la fecha de la \u00faltima actualizaci\u00f3n.<\/p><p><strong>9. Cont\u00e1ctenos<\/strong><\/p><p>Si tiene alguna pregunta o inquietud con respecto a nuestra Pol\u00edtica de Privacidad, comun\u00edquese con nosotros.<\/p><p>Al utilizar nuestro sitio web, usted acepta los t\u00e9rminos descritos en esta Pol\u00edtica de Privacidad.<\/p><p>\u00a0<\/p>\t\t\t\t\t\t\t\t<\/div>\n\t\t\t\t<\/div>\n\t\t\t\t\t<\/div>\n\t\t\t\t<\/div>\n\t\t\t\t<\/div>\n\t\t","protected":false},"excerpt":{"rendered":"<p>Privacy Policy 1. Introducci\u00f3n Bienvenido al sitio web de Primus Coating (\u201cnosotros\u201d, \u201cnuestro\u201d o \u201csitio\u201d). Esta Pol\u00edtica de Privacidad est\u00e1 dise\u00f1ada para informarle sobre la recopilaci\u00f3n, el uso y la protecci\u00f3n de su informaci\u00f3n personal cuando utiliza nuestro sitio web. 2. Informaci\u00f3n que recopilamos Podemos recopilar varios tipos de informaci\u00f3n, que incluyen: Informaci\u00f3n personal: como [&hellip;]<\/p>\n","protected":false},"author":1,"featured_media":0,"parent":0,"menu_order":0,"comment_status":"closed","ping_status":"closed","template":"","meta":{"footnotes":""},"class_list":["post-2110","page","type-page","status-publish","hentry"],"yoast_head":"<!-- This site is optimized with the Yoast SEO plugin v27.2 - https:\/\/yoast.com\/product\/yoast-seo-wordpress\/ -->\n<title>PrimusCoating M\u00e9xico | Privacy Policy<\/title>\n<meta name=\"description\" content=\"Your privacy matters. Explore our comprehensive privacy policy at Primus Coating. Your data security is our priority. Learn more.\" \/>\n<meta name=\"robots\" content=\"index, follow, max-snippet:-1, max-image-preview:large, max-video-preview:-1\" \/>\n<link rel=\"canonical\" href=\"https:\/\/primuscoating.com\/mexico\/privacy-policy\/\" \/>\n<meta property=\"og:locale\" content=\"en_US\" \/>\n<meta property=\"og:type\" content=\"article\" \/>\n<meta property=\"og:title\" content=\"PrimusCoating M\u00e9xico | Privacy Policy\" \/>\n<meta property=\"og:description\" content=\"Your privacy matters. Explore our comprehensive privacy policy at Primus Coating. Your data security is our priority. Learn more.\" \/>\n<meta property=\"og:url\" content=\"https:\/\/primuscoating.com\/mexico\/privacy-policy\/\" \/>\n<meta property=\"og:site_name\" content=\"PrimusCoating M\u00e9xico\" \/>\n<meta property=\"article:publisher\" content=\"https:\/\/www.facebook.com\/primuscoatingusa\" \/>\n<meta property=\"article:modified_time\" content=\"2024-09-11T20:17:00+00:00\" \/>\n<meta name=\"twitter:card\" content=\"summary_large_image\" \/>\n<meta name=\"twitter:label1\" content=\"Est. reading time\" \/>\n\t<meta name=\"twitter:data1\" content=\"2 minutes\" \/>\n<script type=\"application\/ld+json\" class=\"yoast-schema-graph\">{\"@context\":\"https:\/\/schema.org\",\"@graph\":[{\"@type\":\"WebPage\",\"@id\":\"https:\/\/primuscoating.com\/mexico\/privacy-policy\/\",\"url\":\"https:\/\/primuscoating.com\/mexico\/privacy-policy\/\",\"name\":\"PrimusCoating M\u00e9xico | Privacy Policy\",\"isPartOf\":{\"@id\":\"https:\/\/primuscoating.com\/mexico\/#website\"},\"datePublished\":\"2024-01-30T17:49:05+00:00\",\"dateModified\":\"2024-09-11T20:17:00+00:00\",\"description\":\"Your privacy matters. Explore our comprehensive privacy policy at Primus Coating. Your data security is our priority. Learn more.\",\"breadcrumb\":{\"@id\":\"https:\/\/primuscoating.com\/mexico\/privacy-policy\/#breadcrumb\"},\"inLanguage\":\"en-US\",\"potentialAction\":[{\"@type\":\"ReadAction\",\"target\":[\"https:\/\/primuscoating.com\/mexico\/privacy-policy\/\"]}]},{\"@type\":\"BreadcrumbList\",\"@id\":\"https:\/\/primuscoating.com\/mexico\/privacy-policy\/#breadcrumb\",\"itemListElement\":[{\"@type\":\"ListItem\",\"position\":1,\"name\":\"Home\",\"item\":\"https:\/\/primuscoating.com\/mexico\/\"},{\"@type\":\"ListItem\",\"position\":2,\"name\":\"Privacy Policy\"}]},{\"@type\":\"WebSite\",\"@id\":\"https:\/\/primuscoating.com\/mexico\/#website\",\"url\":\"https:\/\/primuscoating.com\/mexico\/\",\"name\":\"Primus Coating\",\"description\":\"\",\"publisher\":{\"@id\":\"https:\/\/primuscoating.com\/mexico\/#organization\"},\"potentialAction\":[{\"@type\":\"SearchAction\",\"target\":{\"@type\":\"EntryPoint\",\"urlTemplate\":\"https:\/\/primuscoating.com\/mexico\/?s={search_term_string}\"},\"query-input\":{\"@type\":\"PropertyValueSpecification\",\"valueRequired\":true,\"valueName\":\"search_term_string\"}}],\"inLanguage\":\"en-US\"},{\"@type\":\"Organization\",\"@id\":\"https:\/\/primuscoating.com\/mexico\/#organization\",\"name\":\"Primus Coating\",\"url\":\"https:\/\/primuscoating.com\/mexico\/\",\"logo\":{\"@type\":\"ImageObject\",\"inLanguage\":\"en-US\",\"@id\":\"https:\/\/primuscoating.com\/mexico\/#\/schema\/logo\/image\/\",\"url\":\"https:\/\/primuscoating.com\/mexico\/wp-content\/uploads\/2024\/01\/Logo_Primus_Coating_cor.png\",\"contentUrl\":\"https:\/\/primuscoating.com\/mexico\/wp-content\/uploads\/2024\/01\/Logo_Primus_Coating_cor.png\",\"width\":2733,\"height\":579,\"caption\":\"Primus Coating\"},\"image\":{\"@id\":\"https:\/\/primuscoating.com\/mexico\/#\/schema\/logo\/image\/\"},\"sameAs\":[\"https:\/\/www.facebook.com\/primuscoatingusa\",\"https:\/\/www.instagram.com\/primuscoating\",\"https:\/\/www.linkedin.com\/company\/primuscoating\"]}]}<\/script>\n<!-- \/ Yoast SEO plugin. -->","yoast_head_json":{"title":"PrimusCoating M\u00e9xico | Privacy Policy","description":"Your privacy matters. Explore our comprehensive privacy policy at Primus Coating. Your data security is our priority. Learn more.","robots":{"index":"index","follow":"follow","max-snippet":"max-snippet:-1","max-image-preview":"max-image-preview:large","max-video-preview":"max-video-preview:-1"},"canonical":"https:\/\/primuscoating.com\/mexico\/privacy-policy\/","og_locale":"en_US","og_type":"article","og_title":"PrimusCoating M\u00e9xico | Privacy Policy","og_description":"Your privacy matters. Explore our comprehensive privacy policy at Primus Coating. Your data security is our priority. Learn more.","og_url":"https:\/\/primuscoating.com\/mexico\/privacy-policy\/","og_site_name":"PrimusCoating M\u00e9xico","article_publisher":"https:\/\/www.facebook.com\/primuscoatingusa","article_modified_time":"2024-09-11T20:17:00+00:00","twitter_card":"summary_large_image","twitter_misc":{"Est. reading time":"2 minutes"},"schema":{"@context":"https:\/\/schema.org","@graph":[{"@type":"WebPage","@id":"https:\/\/primuscoating.com\/mexico\/privacy-policy\/","url":"https:\/\/primuscoating.com\/mexico\/privacy-policy\/","name":"PrimusCoating M\u00e9xico | Privacy Policy","isPartOf":{"@id":"https:\/\/primuscoating.com\/mexico\/#website"},"datePublished":"2024-01-30T17:49:05+00:00","dateModified":"2024-09-11T20:17:00+00:00","description":"Your privacy matters. Explore our comprehensive privacy policy at Primus Coating. Your data security is our priority. Learn more.","breadcrumb":{"@id":"https:\/\/primuscoating.com\/mexico\/privacy-policy\/#breadcrumb"},"inLanguage":"en-US","potentialAction":[{"@type":"ReadAction","target":["https:\/\/primuscoating.com\/mexico\/privacy-policy\/"]}]},{"@type":"BreadcrumbList","@id":"https:\/\/primuscoating.com\/mexico\/privacy-policy\/#breadcrumb","itemListElement":[{"@type":"ListItem","position":1,"name":"Home","item":"https:\/\/primuscoating.com\/mexico\/"},{"@type":"ListItem","position":2,"name":"Privacy Policy"}]},{"@type":"WebSite","@id":"https:\/\/primuscoating.com\/mexico\/#website","url":"https:\/\/primuscoating.com\/mexico\/","name":"Primus Coating","description":"","publisher":{"@id":"https:\/\/primuscoating.com\/mexico\/#organization"},"potentialAction":[{"@type":"SearchAction","target":{"@type":"EntryPoint","urlTemplate":"https:\/\/primuscoating.com\/mexico\/?s={search_term_string}"},"query-input":{"@type":"PropertyValueSpecification","valueRequired":true,"valueName":"search_term_string"}}],"inLanguage":"en-US"},{"@type":"Organization","@id":"https:\/\/primuscoating.com\/mexico\/#organization","name":"Primus Coating","url":"https:\/\/primuscoating.com\/mexico\/","logo":{"@type":"ImageObject","inLanguage":"en-US","@id":"https:\/\/primuscoating.com\/mexico\/#\/schema\/logo\/image\/","url":"https:\/\/primuscoating.com\/mexico\/wp-content\/uploads\/2024\/01\/Logo_Primus_Coating_cor.png","contentUrl":"https:\/\/primuscoating.com\/mexico\/wp-content\/uploads\/2024\/01\/Logo_Primus_Coating_cor.png","width":2733,"height":579,"caption":"Primus Coating"},"image":{"@id":"https:\/\/primuscoating.com\/mexico\/#\/schema\/logo\/image\/"},"sameAs":["https:\/\/www.facebook.com\/primuscoatingusa","https:\/\/www.instagram.com\/primuscoating","https:\/\/www.linkedin.com\/company\/primuscoating"]}]}},"_links":{"self":[{"href":"https:\/\/primuscoating.com\/mexico\/wp-json\/wp\/v2\/pages\/2110","targetHints":{"allow":["GET"]}}],"collection":[{"href":"https:\/\/primuscoating.com\/mexico\/wp-json\/wp\/v2\/pages"}],"about":[{"href":"https:\/\/primuscoating.com\/mexico\/wp-json\/wp\/v2\/types\/page"}],"author":[{"embeddable":true,"href":"https:\/\/primuscoating.com\/mexico\/wp-json\/wp\/v2\/users\/1"}],"replies":[{"embeddable":true,"href":"https:\/\/primuscoating.com\/mexico\/wp-json\/wp\/v2\/comments?post=2110"}],"version-history":[{"count":16,"href":"https:\/\/primuscoating.com\/mexico\/wp-json\/wp\/v2\/pages\/2110\/revisions"}],"predecessor-version":[{"id":11925,"href":"https:\/\/primuscoating.com\/mexico\/wp-json\/wp\/v2\/pages\/2110\/revisions\/11925"}],"wp:attachment":[{"href":"https:\/\/primuscoating.com\/mexico\/wp-json\/wp\/v2\/media?parent=2110"}],"curies":[{"name":"wp","href":"https:\/\/api.w.org\/{rel}","templated":true}]}}