{"id":2657,"date":"2024-02-26T19:18:47","date_gmt":"2024-02-26T19:18:47","guid":{"rendered":"https:\/\/primuscoating.com\/mexico\/?page_id=2657"},"modified":"2024-09-11T20:13:43","modified_gmt":"2024-09-11T20:13:43","slug":"faq-primus-coating","status":"publish","type":"page","link":"https:\/\/primuscoating.com\/mexico\/faq-primus-coating\/","title":{"rendered":"FAQ"},"content":{"rendered":"\t\t<div data-elementor-type=\"wp-page\" data-elementor-id=\"2657\" class=\"elementor elementor-2657\" data-elementor-settings=\"{&quot;ha_cmc_init_switcher&quot;:&quot;no&quot;}\" data-elementor-post-type=\"page\">\n\t\t\t\t<div class=\"elementor-element elementor-element-1294019 e-flex e-con-boxed elementor-invisible e-con e-parent\" data-id=\"1294019\" data-element_type=\"container\" data-settings=\"{&quot;background_background&quot;:&quot;classic&quot;,&quot;animation&quot;:&quot;fadeIn&quot;,&quot;_ha_eqh_enable&quot;:false}\">\n\t\t\t\t\t<div class=\"e-con-inner\">\n\t\t\t\t<div class=\"elementor-element elementor-element-02e7d17 elementor-widget elementor-widget-heading\" data-id=\"02e7d17\" data-element_type=\"widget\" data-widget_type=\"heading.default\">\n\t\t\t\t<div class=\"elementor-widget-container\">\n\t\t\t\t\t<h1 class=\"elementor-heading-title elementor-size-default\">Preguntas Frecuentes<\/h1>\t\t\t\t<\/div>\n\t\t\t\t<\/div>\n\t\t\t\t\t<\/div>\n\t\t\t\t<\/div>\n\t\t<div class=\"elementor-element elementor-element-2196f75 e-flex e-con-boxed elementor-invisible e-con e-parent\" data-id=\"2196f75\" data-element_type=\"container\" data-settings=\"{&quot;animation&quot;:&quot;fadeIn&quot;,&quot;_ha_eqh_enable&quot;:false}\">\n\t\t\t\t\t<div class=\"e-con-inner\">\n\t\t\t\t<div class=\"elementor-element elementor-element-5eda559 elementor-widget elementor-widget-n-accordion\" data-id=\"5eda559\" data-element_type=\"widget\" data-settings=\"{&quot;default_state&quot;:&quot;expanded&quot;,&quot;max_items_expended&quot;:&quot;one&quot;,&quot;n_accordion_animation_duration&quot;:{&quot;unit&quot;:&quot;ms&quot;,&quot;size&quot;:400,&quot;sizes&quot;:[]}}\" data-widget_type=\"nested-accordion.default\">\n\t\t\t\t<div class=\"elementor-widget-container\">\n\t\t\t\t\t\t\t<div class=\"e-n-accordion\" aria-label=\"Accordion. Open links with Enter or Space, close with Escape, and navigate with Arrow Keys\">\n\t\t\t\t\t\t<details id=\"e-n-accordion-item-9940\" class=\"e-n-accordion-item\" open>\n\t\t\t\t<summary class=\"e-n-accordion-item-title\" data-accordion-index=\"1\" tabindex=\"0\" aria-expanded=\"true\" aria-controls=\"e-n-accordion-item-9940\" >\n\t\t\t\t\t<span class='e-n-accordion-item-title-header'><div class=\"e-n-accordion-item-title-text\"> Recubrimientos PVD para herramientas de corte <\/div><\/span>\n\t\t\t\t\t\t\t<span class='e-n-accordion-item-title-icon'>\n\t\t\t<span class='e-opened' ><i aria-hidden=\"true\" class=\"fas fa-minus\"><\/i><\/span>\n\t\t\t<span class='e-closed'><i aria-hidden=\"true\" class=\"fas fa-plus\"><\/i><\/span>\n\t\t<\/span>\n\n\t\t\t\t\t\t<\/summary>\n\t\t\t\t<div role=\"region\" aria-labelledby=\"e-n-accordion-item-9940\" class=\"elementor-element elementor-element-e8b8297 e-con-full e-flex e-con e-child\" data-id=\"e8b8297\" data-element_type=\"container\" data-settings=\"{&quot;_ha_eqh_enable&quot;:false}\">\n\t\t\t\t<div class=\"elementor-element elementor-element-06f6dad elementor-widget elementor-widget-text-editor\" data-id=\"06f6dad\" data-element_type=\"widget\" data-widget_type=\"text-editor.default\">\n\t\t\t\t<div class=\"elementor-widget-container\">\n\t\t\t\t\t\t\t\t\t<p>La introducci\u00f3n de recubrimientos de pel\u00edcula fina PVD para herramientas de corte en la industria del corte de metales es una de las principales historias de \u00e9xito en la aplicaci\u00f3n industrial de la tecnolog\u00eda de recubrimiento moderna en los \u00faltimos 30 a\u00f1os.<\/p><p>El primer material de recubrimiento de PVD que tuvo una aplicaci\u00f3n comercial en herramientas de corte fue el TiN a principios de los a\u00f1os 1980 y desde los a\u00f1os 1990 la mayor\u00eda de las herramientas de corte est\u00e1n recubiertas de PVD, especialmente en aplicaciones donde se requieren bordes afilados, por ejemplo, roscado, ranurado, fresado de extremos, etc. y en aplicaciones de corte que tienen una gran demanda de un filo resistente, como barrenado.<\/p><p>En herramientas de corte de carburo s\u00f3lido (fresas y brocas), PVD es la tecnolog\u00eda de recubrimiento est\u00e1ndar. El recubrimiento PVD TiAlN es actualmente el recubrimiento PVD m\u00e1s ampliamente depositado para herramientas de corte, pero otros recubrimientos como TiCN y CrN ofrecen mejores soluciones en determinadas aplicaciones.<\/p>\t\t\t\t\t\t\t\t<\/div>\n\t\t\t\t<\/div>\n\t\t\t\t<\/div>\n\t\t\t\t\t<\/details>\n\t\t\t\t\t\t<details id=\"e-n-accordion-item-9941\" class=\"e-n-accordion-item\" >\n\t\t\t\t<summary class=\"e-n-accordion-item-title\" data-accordion-index=\"2\" tabindex=\"-1\" aria-expanded=\"false\" aria-controls=\"e-n-accordion-item-9941\" >\n\t\t\t\t\t<span class='e-n-accordion-item-title-header'><div class=\"e-n-accordion-item-title-text\"> Tecnolog\u00eda <\/div><\/span>\n\t\t\t\t\t\t\t<span class='e-n-accordion-item-title-icon'>\n\t\t\t<span class='e-opened' ><i aria-hidden=\"true\" class=\"fas fa-minus\"><\/i><\/span>\n\t\t\t<span class='e-closed'><i aria-hidden=\"true\" class=\"fas fa-plus\"><\/i><\/span>\n\t\t<\/span>\n\n\t\t\t\t\t\t<\/summary>\n\t\t\t\t<div role=\"region\" aria-labelledby=\"e-n-accordion-item-9941\" class=\"elementor-element elementor-element-cd77699 e-con-full e-flex e-con e-child\" data-id=\"cd77699\" data-element_type=\"container\" data-settings=\"{&quot;_ha_eqh_enable&quot;:false}\">\n\t\t\t\t<div class=\"elementor-element elementor-element-d8e99ff elementor-widget elementor-widget-text-editor\" data-id=\"d8e99ff\" data-element_type=\"widget\" data-widget_type=\"text-editor.default\">\n\t\t\t\t<div class=\"elementor-widget-container\">\n\t\t\t\t\t\t\t\t\t<p>Los recubrimientos de pel\u00edcula fina de PVD se pueden depositar a temperaturas inferiores a 500 \u00baC. Esto permite recubrir sustratos como aceros para rodamientos y aleaciones de titanio o aluminio. Esto no ser\u00eda posible utilizando la deposici\u00f3n qu\u00edmica de vapor, CVD. La temperatura del recubrimiento puede reducirse incluso hasta tal punto que se puedan recubrir pol\u00edmeros.<\/p>\t\t\t\t\t\t\t\t<\/div>\n\t\t\t\t<\/div>\n\t\t\t\t<\/div>\n\t\t\t\t\t<\/details>\n\t\t\t\t\t\t<details id=\"e-n-accordion-item-9942\" class=\"e-n-accordion-item\" >\n\t\t\t\t<summary class=\"e-n-accordion-item-title\" data-accordion-index=\"3\" tabindex=\"-1\" aria-expanded=\"false\" aria-controls=\"e-n-accordion-item-9942\" >\n\t\t\t\t\t<span class='e-n-accordion-item-title-header'><div class=\"e-n-accordion-item-title-text\"> Caracter\u00edsticas sobresalientes <\/div><\/span>\n\t\t\t\t\t\t\t<span class='e-n-accordion-item-title-icon'>\n\t\t\t<span class='e-opened' ><i aria-hidden=\"true\" class=\"fas fa-minus\"><\/i><\/span>\n\t\t\t<span class='e-closed'><i aria-hidden=\"true\" class=\"fas fa-plus\"><\/i><\/span>\n\t\t<\/span>\n\n\t\t\t\t\t\t<\/summary>\n\t\t\t\t<div role=\"region\" aria-labelledby=\"e-n-accordion-item-9942\" class=\"elementor-element elementor-element-a62573f e-con-full e-flex e-con e-child\" data-id=\"a62573f\" data-element_type=\"container\" data-settings=\"{&quot;_ha_eqh_enable&quot;:false}\">\n\t\t\t\t<div class=\"elementor-element elementor-element-383a934 elementor-widget elementor-widget-text-editor\" data-id=\"383a934\" data-element_type=\"widget\" data-widget_type=\"text-editor.default\">\n\t\t\t\t<div class=\"elementor-widget-container\">\n\t\t\t\t\t\t\t\t\t<p><strong>Recubrimientos lisos<\/strong><\/p><p>Los recubrimientos pulverizados con magnetr\u00f3n siguen la rugosidad superficial exacta del material del sustrato. Si hab\u00eda una huella digital antes del recubrimiento, la ver\u00e1 despu\u00e9s del recubrimiento. Los recubrimientos lisos son vitales para aplicaciones como el conformado de alta precisi\u00f3n.<\/p><p><strong>Alta dureza<\/strong><\/p><p>Los recubrimientos de PVD se depositan bajo bombardeo i\u00f3nico simult\u00e1neo. Estos iones energ\u00e9ticos permiten la deposici\u00f3n de pel\u00edculas densas y duras al suministrar a los neutros pulverizados suficiente energ\u00eda para encontrar un sitio de nucleaci\u00f3n adecuado e inducir una alta tensi\u00f3n de compresi\u00f3n. Con esta t\u00e9cnica se pueden depositar recubrimientos PVD con una dureza de 1000-4000HV, aproximadamente 5 veces la dureza del acero r\u00e1pido.<\/p><p><strong>Resistencia al desgaste<\/strong><\/p><p>Se pueden depositar recubrimientos PVD resistentes a todas las formas de desgaste. En el mecanizado, por ejemplo, se observan reducciones sustanciales en los siguientes mecanismos de desgaste:<\/p><p>\u00a0<\/p>\t\t\t\t\t\t\t\t<\/div>\n\t\t\t\t<\/div>\n\t\t\t\t<\/div>\n\t\t\t\t\t<\/details>\n\t\t\t\t\t\t<details id=\"e-n-accordion-item-9943\" class=\"e-n-accordion-item\" >\n\t\t\t\t<summary class=\"e-n-accordion-item-title\" data-accordion-index=\"4\" tabindex=\"-1\" aria-expanded=\"false\" aria-controls=\"e-n-accordion-item-9943\" >\n\t\t\t\t\t<span class='e-n-accordion-item-title-header'><div class=\"e-n-accordion-item-title-text\"> Soluci\u00f3n de problemas <\/div><\/span>\n\t\t\t\t\t\t\t<span class='e-n-accordion-item-title-icon'>\n\t\t\t<span class='e-opened' ><i aria-hidden=\"true\" class=\"fas fa-minus\"><\/i><\/span>\n\t\t\t<span class='e-closed'><i aria-hidden=\"true\" class=\"fas fa-plus\"><\/i><\/span>\n\t\t<\/span>\n\n\t\t\t\t\t\t<\/summary>\n\t\t\t\t<div role=\"region\" aria-labelledby=\"e-n-accordion-item-9943\" class=\"elementor-element elementor-element-78ee2b2 e-con-full e-flex e-con e-child\" data-id=\"78ee2b2\" data-element_type=\"container\" data-settings=\"{&quot;_ha_eqh_enable&quot;:false}\">\n\t\t\t\t<div class=\"elementor-element elementor-element-2608d3e elementor-widget elementor-widget-text-editor\" data-id=\"2608d3e\" data-element_type=\"widget\" data-widget_type=\"text-editor.default\">\n\t\t\t\t<div class=\"elementor-widget-container\">\n\t\t\t\t\t\t\t\t\t<p>Problema: Desgaste en cr\u00e1ter (interacci\u00f3n qu\u00edmica entre la herramienta y la pieza de trabajo).<\/p><p>Soluci\u00f3n: Recubrimientos estables que no reaccionan qu\u00edmicamente f\u00e1cilmente.<\/p><p>Problema: Desgaste de flanco: desgaste abrasivo causado por componentes duros de la pieza de trabajo.<\/p>\t\t\t\t\t\t\t\t<\/div>\n\t\t\t\t<\/div>\n\t\t\t\t<\/div>\n\t\t\t\t\t<\/details>\n\t\t\t\t\t\t<details id=\"e-n-accordion-item-9944\" class=\"e-n-accordion-item\" >\n\t\t\t\t<summary class=\"e-n-accordion-item-title\" data-accordion-index=\"5\" tabindex=\"-1\" aria-expanded=\"false\" aria-controls=\"e-n-accordion-item-9944\" >\n\t\t\t\t\t<span class='e-n-accordion-item-title-header'><div class=\"e-n-accordion-item-title-text\"> Beneficios del recubrimiento <\/div><\/span>\n\t\t\t\t\t\t\t<span class='e-n-accordion-item-title-icon'>\n\t\t\t<span class='e-opened' ><i aria-hidden=\"true\" class=\"fas fa-minus\"><\/i><\/span>\n\t\t\t<span class='e-closed'><i aria-hidden=\"true\" class=\"fas fa-plus\"><\/i><\/span>\n\t\t<\/span>\n\n\t\t\t\t\t\t<\/summary>\n\t\t\t\t<div role=\"region\" aria-labelledby=\"e-n-accordion-item-9944\" class=\"elementor-element elementor-element-918f19d e-con-full e-flex e-con e-child\" data-id=\"918f19d\" data-element_type=\"container\" data-settings=\"{&quot;_ha_eqh_enable&quot;:false}\">\n\t\t\t\t<div class=\"elementor-element elementor-element-85f7d33 elementor-widget elementor-widget-text-editor\" data-id=\"85f7d33\" data-element_type=\"widget\" data-widget_type=\"text-editor.default\">\n\t\t\t\t<div class=\"elementor-widget-container\">\n\t\t\t\t\t\t\t\t\t<p><strong>Ahorra miles de millones a las empresa<\/strong>s<\/p><p>En las \u00e1reas de mecanizado y herramientas, los recubrimientos PVD se utilizan ampliamente para aumentar la vida \u00fatil y la productividad de las herramientas de corte de producci\u00f3n, ahorrando a las empresas miles de millones de d\u00f3lares en todo el mundo. El uso de recubrimientos PVD en herramientas de corte ahorra dinero de tres maneras.<\/p><p><strong>Ejecute herramientas m\u00e1s r\u00e1pido<\/strong><\/p><p>En primer lugar, las herramientas de corte recubiertas de PVD pueden funcionar m\u00e1s r\u00e1pido, lo que reduce los tiempos de ciclo y permite la producci\u00f3n de m\u00e1s componentes en menos tiempo.<\/p><p><strong>Reduce la necesidad de fluido de corte.<\/strong><\/p><p>Los fluidos de corte cuestan hoy a las empresas hasta el 15% de sus costos totales de producci\u00f3n. El corte a alta velocidad y el mecanizado en seco implican temperaturas extremadamente altas en el filo. Los recubrimientos PVD como TiAlN tienen una incre\u00edble estabilidad t\u00e9rmica, dureza en caliente y resistencia a la oxidaci\u00f3n. Por lo tanto, los recubrimientos PVD se pueden aplicar en seco o con una cantidad muy limitada de l\u00edquido de corte.<br \/><br \/><strong>Cortar materiales duros<\/strong><\/p><p>Las herramientas de corte recubiertas de PVD pueden cortar materiales extremadamente duros e.g. 63 HRC.<\/p>\t\t\t\t\t\t\t\t<\/div>\n\t\t\t\t<\/div>\n\t\t\t\t<\/div>\n\t\t\t\t\t<\/details>\n\t\t\t\t\t\t<details id=\"e-n-accordion-item-9945\" class=\"e-n-accordion-item\" >\n\t\t\t\t<summary class=\"e-n-accordion-item-title\" data-accordion-index=\"6\" tabindex=\"-1\" aria-expanded=\"false\" aria-controls=\"e-n-accordion-item-9945\" >\n\t\t\t\t\t<span class='e-n-accordion-item-title-header'><div class=\"e-n-accordion-item-title-text\"> Reafilado y Recubrimiento de Herramientas de Corte <\/div><\/span>\n\t\t\t\t\t\t\t<span class='e-n-accordion-item-title-icon'>\n\t\t\t<span class='e-opened' ><i aria-hidden=\"true\" class=\"fas fa-minus\"><\/i><\/span>\n\t\t\t<span class='e-closed'><i aria-hidden=\"true\" class=\"fas fa-plus\"><\/i><\/span>\n\t\t<\/span>\n\n\t\t\t\t\t\t<\/summary>\n\t\t\t\t<div role=\"region\" aria-labelledby=\"e-n-accordion-item-9945\" class=\"elementor-element elementor-element-82785fe e-con-full e-flex e-con e-child\" data-id=\"82785fe\" data-element_type=\"container\" data-settings=\"{&quot;_ha_eqh_enable&quot;:false}\">\n\t\t\t\t<div class=\"elementor-element elementor-element-1ca8926 elementor-widget elementor-widget-text-editor\" data-id=\"1ca8926\" data-element_type=\"widget\" data-widget_type=\"text-editor.default\">\n\t\t\t\t<div class=\"elementor-widget-container\">\n\t\t\t\t\t\t\t\t\t<p>Las herramientas de corte alcanzan el mismo rendimiento que las herramientas recubiertas nuevas.<\/p>\t\t\t\t\t\t\t\t<\/div>\n\t\t\t\t<\/div>\n\t\t\t\t<\/div>\n\t\t\t\t\t<\/details>\n\t\t\t\t\t<\/div>\n\t\t\t\t\t\t<\/div>\n\t\t\t\t<\/div>\n\t\t\t\t\t<\/div>\n\t\t\t\t<\/div>\n\t\t\t\t<\/div>\n\t\t","protected":false},"excerpt":{"rendered":"<p>Preguntas Frecuentes Recubrimientos PVD para herramientas de corte La introducci\u00f3n de recubrimientos de pel\u00edcula fina PVD para herramientas de corte en la industria del corte de metales es una de las principales historias de \u00e9xito en la aplicaci\u00f3n industrial de la tecnolog\u00eda de recubrimiento moderna en los \u00faltimos 30 a\u00f1os. El primer material de recubrimiento [&hellip;]<\/p>\n","protected":false},"author":1,"featured_media":0,"parent":0,"menu_order":0,"comment_status":"closed","ping_status":"closed","template":"","meta":{"footnotes":""},"class_list":["post-2657","page","type-page","status-publish","hentry"],"yoast_head":"<!-- This site is optimized with the Yoast SEO plugin v27.2 - https:\/\/yoast.com\/product\/yoast-seo-wordpress\/ -->\n<title>PrimusCoating M\u00e9xico | FAQ<\/title>\n<meta name=\"description\" content=\"Got questions? Find answers to commonly asked queries about FAQ Primus Coating services, processes, and more in our FAQ section. Explore now!\" \/>\n<meta name=\"robots\" content=\"index, follow, max-snippet:-1, max-image-preview:large, max-video-preview:-1\" \/>\n<link rel=\"canonical\" href=\"https:\/\/primuscoating.com\/mexico\/faq-primus-coating\/\" \/>\n<meta property=\"og:locale\" content=\"en_US\" \/>\n<meta property=\"og:type\" content=\"article\" \/>\n<meta property=\"og:title\" content=\"PrimusCoating M\u00e9xico | FAQ\" \/>\n<meta property=\"og:description\" content=\"Got questions? Find answers to commonly asked queries about FAQ Primus Coating services, processes, and more in our FAQ section. Explore now!\" \/>\n<meta property=\"og:url\" content=\"https:\/\/primuscoating.com\/mexico\/faq-primus-coating\/\" \/>\n<meta property=\"og:site_name\" content=\"PrimusCoating M\u00e9xico\" \/>\n<meta property=\"article:publisher\" content=\"https:\/\/www.facebook.com\/primuscoatingusa\" \/>\n<meta property=\"article:modified_time\" content=\"2024-09-11T20:13:43+00:00\" \/>\n<meta name=\"twitter:card\" content=\"summary_large_image\" \/>\n<meta name=\"twitter:label1\" content=\"Est. reading time\" \/>\n\t<meta name=\"twitter:data1\" content=\"6 minutes\" \/>\n<script type=\"application\/ld+json\" class=\"yoast-schema-graph\">{\"@context\":\"https:\/\/schema.org\",\"@graph\":[{\"@type\":\"WebPage\",\"@id\":\"https:\/\/primuscoating.com\/mexico\/faq-primus-coating\/\",\"url\":\"https:\/\/primuscoating.com\/mexico\/faq-primus-coating\/\",\"name\":\"PrimusCoating M\u00e9xico | FAQ\",\"isPartOf\":{\"@id\":\"https:\/\/primuscoating.com\/mexico\/#website\"},\"datePublished\":\"2024-02-26T19:18:47+00:00\",\"dateModified\":\"2024-09-11T20:13:43+00:00\",\"description\":\"Got questions? Find answers to commonly asked queries about FAQ Primus Coating services, processes, and more in our FAQ section. Explore now!\",\"breadcrumb\":{\"@id\":\"https:\/\/primuscoating.com\/mexico\/faq-primus-coating\/#breadcrumb\"},\"inLanguage\":\"en-US\",\"potentialAction\":[{\"@type\":\"ReadAction\",\"target\":[\"https:\/\/primuscoating.com\/mexico\/faq-primus-coating\/\"]}]},{\"@type\":\"BreadcrumbList\",\"@id\":\"https:\/\/primuscoating.com\/mexico\/faq-primus-coating\/#breadcrumb\",\"itemListElement\":[{\"@type\":\"ListItem\",\"position\":1,\"name\":\"Home\",\"item\":\"https:\/\/primuscoating.com\/mexico\/\"},{\"@type\":\"ListItem\",\"position\":2,\"name\":\"FAQ\"}]},{\"@type\":\"WebSite\",\"@id\":\"https:\/\/primuscoating.com\/mexico\/#website\",\"url\":\"https:\/\/primuscoating.com\/mexico\/\",\"name\":\"Primus Coating\",\"description\":\"\",\"publisher\":{\"@id\":\"https:\/\/primuscoating.com\/mexico\/#organization\"},\"potentialAction\":[{\"@type\":\"SearchAction\",\"target\":{\"@type\":\"EntryPoint\",\"urlTemplate\":\"https:\/\/primuscoating.com\/mexico\/?s={search_term_string}\"},\"query-input\":{\"@type\":\"PropertyValueSpecification\",\"valueRequired\":true,\"valueName\":\"search_term_string\"}}],\"inLanguage\":\"en-US\"},{\"@type\":\"Organization\",\"@id\":\"https:\/\/primuscoating.com\/mexico\/#organization\",\"name\":\"Primus Coating\",\"url\":\"https:\/\/primuscoating.com\/mexico\/\",\"logo\":{\"@type\":\"ImageObject\",\"inLanguage\":\"en-US\",\"@id\":\"https:\/\/primuscoating.com\/mexico\/#\/schema\/logo\/image\/\",\"url\":\"https:\/\/primuscoating.com\/mexico\/wp-content\/uploads\/2024\/01\/Logo_Primus_Coating_cor.png\",\"contentUrl\":\"https:\/\/primuscoating.com\/mexico\/wp-content\/uploads\/2024\/01\/Logo_Primus_Coating_cor.png\",\"width\":2733,\"height\":579,\"caption\":\"Primus Coating\"},\"image\":{\"@id\":\"https:\/\/primuscoating.com\/mexico\/#\/schema\/logo\/image\/\"},\"sameAs\":[\"https:\/\/www.facebook.com\/primuscoatingusa\",\"https:\/\/www.instagram.com\/primuscoating\",\"https:\/\/www.linkedin.com\/company\/primuscoating\"]}]}<\/script>\n<!-- \/ Yoast SEO plugin. -->","yoast_head_json":{"title":"PrimusCoating M\u00e9xico | FAQ","description":"Got questions? Find answers to commonly asked queries about FAQ Primus Coating services, processes, and more in our FAQ section. Explore now!","robots":{"index":"index","follow":"follow","max-snippet":"max-snippet:-1","max-image-preview":"max-image-preview:large","max-video-preview":"max-video-preview:-1"},"canonical":"https:\/\/primuscoating.com\/mexico\/faq-primus-coating\/","og_locale":"en_US","og_type":"article","og_title":"PrimusCoating M\u00e9xico | FAQ","og_description":"Got questions? Find answers to commonly asked queries about FAQ Primus Coating services, processes, and more in our FAQ section. Explore now!","og_url":"https:\/\/primuscoating.com\/mexico\/faq-primus-coating\/","og_site_name":"PrimusCoating M\u00e9xico","article_publisher":"https:\/\/www.facebook.com\/primuscoatingusa","article_modified_time":"2024-09-11T20:13:43+00:00","twitter_card":"summary_large_image","twitter_misc":{"Est. reading time":"6 minutes"},"schema":{"@context":"https:\/\/schema.org","@graph":[{"@type":"WebPage","@id":"https:\/\/primuscoating.com\/mexico\/faq-primus-coating\/","url":"https:\/\/primuscoating.com\/mexico\/faq-primus-coating\/","name":"PrimusCoating M\u00e9xico | FAQ","isPartOf":{"@id":"https:\/\/primuscoating.com\/mexico\/#website"},"datePublished":"2024-02-26T19:18:47+00:00","dateModified":"2024-09-11T20:13:43+00:00","description":"Got questions? Find answers to commonly asked queries about FAQ Primus Coating services, processes, and more in our FAQ section. Explore now!","breadcrumb":{"@id":"https:\/\/primuscoating.com\/mexico\/faq-primus-coating\/#breadcrumb"},"inLanguage":"en-US","potentialAction":[{"@type":"ReadAction","target":["https:\/\/primuscoating.com\/mexico\/faq-primus-coating\/"]}]},{"@type":"BreadcrumbList","@id":"https:\/\/primuscoating.com\/mexico\/faq-primus-coating\/#breadcrumb","itemListElement":[{"@type":"ListItem","position":1,"name":"Home","item":"https:\/\/primuscoating.com\/mexico\/"},{"@type":"ListItem","position":2,"name":"FAQ"}]},{"@type":"WebSite","@id":"https:\/\/primuscoating.com\/mexico\/#website","url":"https:\/\/primuscoating.com\/mexico\/","name":"Primus Coating","description":"","publisher":{"@id":"https:\/\/primuscoating.com\/mexico\/#organization"},"potentialAction":[{"@type":"SearchAction","target":{"@type":"EntryPoint","urlTemplate":"https:\/\/primuscoating.com\/mexico\/?s={search_term_string}"},"query-input":{"@type":"PropertyValueSpecification","valueRequired":true,"valueName":"search_term_string"}}],"inLanguage":"en-US"},{"@type":"Organization","@id":"https:\/\/primuscoating.com\/mexico\/#organization","name":"Primus Coating","url":"https:\/\/primuscoating.com\/mexico\/","logo":{"@type":"ImageObject","inLanguage":"en-US","@id":"https:\/\/primuscoating.com\/mexico\/#\/schema\/logo\/image\/","url":"https:\/\/primuscoating.com\/mexico\/wp-content\/uploads\/2024\/01\/Logo_Primus_Coating_cor.png","contentUrl":"https:\/\/primuscoating.com\/mexico\/wp-content\/uploads\/2024\/01\/Logo_Primus_Coating_cor.png","width":2733,"height":579,"caption":"Primus Coating"},"image":{"@id":"https:\/\/primuscoating.com\/mexico\/#\/schema\/logo\/image\/"},"sameAs":["https:\/\/www.facebook.com\/primuscoatingusa","https:\/\/www.instagram.com\/primuscoating","https:\/\/www.linkedin.com\/company\/primuscoating"]}]}},"_links":{"self":[{"href":"https:\/\/primuscoating.com\/mexico\/wp-json\/wp\/v2\/pages\/2657","targetHints":{"allow":["GET"]}}],"collection":[{"href":"https:\/\/primuscoating.com\/mexico\/wp-json\/wp\/v2\/pages"}],"about":[{"href":"https:\/\/primuscoating.com\/mexico\/wp-json\/wp\/v2\/types\/page"}],"author":[{"embeddable":true,"href":"https:\/\/primuscoating.com\/mexico\/wp-json\/wp\/v2\/users\/1"}],"replies":[{"embeddable":true,"href":"https:\/\/primuscoating.com\/mexico\/wp-json\/wp\/v2\/comments?post=2657"}],"version-history":[{"count":22,"href":"https:\/\/primuscoating.com\/mexico\/wp-json\/wp\/v2\/pages\/2657\/revisions"}],"predecessor-version":[{"id":11922,"href":"https:\/\/primuscoating.com\/mexico\/wp-json\/wp\/v2\/pages\/2657\/revisions\/11922"}],"wp:attachment":[{"href":"https:\/\/primuscoating.com\/mexico\/wp-json\/wp\/v2\/media?parent=2657"}],"curies":[{"name":"wp","href":"https:\/\/api.w.org\/{rel}","templated":true}]}}