{"id":2110,"date":"2024-01-30T17:49:05","date_gmt":"2024-01-30T17:49:05","guid":{"rendered":"https:\/\/primuscoating.com\/switzerland\/?page_id=2110"},"modified":"2024-08-20T13:35:06","modified_gmt":"2024-08-20T13:35:06","slug":"privacy-policy","status":"publish","type":"page","link":"https:\/\/primuscoating.com\/switzerland\/privacy-policy\/","title":{"rendered":"Privacy Policy"},"content":{"rendered":"\t\t<div data-elementor-type=\"wp-page\" data-elementor-id=\"2110\" class=\"elementor elementor-2110\" data-elementor-settings=\"{&quot;ha_cmc_init_switcher&quot;:&quot;no&quot;}\" data-elementor-post-type=\"page\">\n\t\t\t\t<div class=\"elementor-element elementor-element-0e48234 e-flex e-con-boxed elementor-invisible e-con e-parent\" data-id=\"0e48234\" data-element_type=\"container\" data-settings=\"{&quot;background_background&quot;:&quot;classic&quot;,&quot;animation&quot;:&quot;fadeIn&quot;,&quot;_ha_eqh_enable&quot;:false}\">\n\t\t\t\t\t<div class=\"e-con-inner\">\n\t\t\t\t<div class=\"elementor-element elementor-element-489cbae elementor-widget elementor-widget-heading\" data-id=\"489cbae\" data-element_type=\"widget\" data-widget_type=\"heading.default\">\n\t\t\t\t<div class=\"elementor-widget-container\">\n\t\t\t\t\t<h1 class=\"elementor-heading-title elementor-size-default\">Datenschutzerkl\u00e4rung<\/h1>\t\t\t\t<\/div>\n\t\t\t\t<\/div>\n\t\t\t\t\t<\/div>\n\t\t\t\t<\/div>\n\t\t<div class=\"elementor-element elementor-element-ad8a05e e-flex e-con-boxed elementor-invisible e-con e-parent\" data-id=\"ad8a05e\" data-element_type=\"container\" data-settings=\"{&quot;animation&quot;:&quot;fadeIn&quot;,&quot;_ha_eqh_enable&quot;:false}\">\n\t\t\t\t\t<div class=\"e-con-inner\">\n\t\t\t\t<div class=\"elementor-element elementor-element-6e2e8e8 elementor-widget elementor-widget-text-editor\" data-id=\"6e2e8e8\" data-element_type=\"widget\" data-widget_type=\"text-editor.default\">\n\t\t\t\t<div class=\"elementor-widget-container\">\n\t\t\t\t\t\t\t\t\t<p><strong>1. Einleitung<\/strong> <br \/>Willkommen auf der Website von Primus Coating (wir, unser oder Seite). Diese Datenschutzrichtlinie soll Sie \u00fcber die Erhebung, Nutzung und den Schutz Ihrer pers\u00f6nlichen Daten informieren, wenn Sie unsere Website nutzen.<\/p><p><strong>2. Informationen, die wir sammeln<\/strong><br \/>Wir k\u00f6nnen verschiedene Arten von Informationen sammeln, darunter:<\/p><p><strong>Pers\u00f6nliche Informationen:<\/strong> Wie Ihren Namen, E-Mail-Adresse, Telefonnummer und andere Details, die Sie bei der Kontaktaufnahme mit uns oder der Nutzung unserer Dienste angeben. Nicht-personenbezogene<\/p><p><strong>Informationen:<\/strong> Dazu geh\u00f6ren Daten \u00fcber Ihre Nutzungsmuster, Pr\u00e4ferenzen und Interaktionen mit unserer Website, die Sie nicht direkt identifizieren.<\/p><p>\u00a0<\/p><p><strong>3. Wie wir Ihre Informationen verwenden<\/strong><\/p><p>Wir verwenden die gesammelten Informationen f\u00fcr verschiedene Zwecke, darunter:<\/p><ul><li><p>Bereitstellung und Verbesserung unserer Dienstleistungen.<\/p><\/li><li><p>Beantwortung Ihrer Anfragen und W\u00fcnsche.<\/p><\/li><li><p>Versenden von Updates, Newslettern und Marketingmaterialien mit Ihrer Zustimmung.<\/p><\/li><li><p>Analyse der Website-Nutzung zur Verbesserung der Benutzererfahrung.<\/p><\/li><\/ul><p><strong>4. Informationsweitergabe und -offenlegung<\/strong><br \/>Wir verkaufen, handeln oder \u00fcbertragen Ihre pers\u00f6nlichen Informationen nicht an Dritte ohne Ihre Zustimmung. Wir k\u00f6nnen jedoch Informationen mit vertrauensw\u00fcrdigen Dritten teilen, die uns bei der Verwaltung unserer Website oder der Bereitstellung von Dienstleistungen unterst\u00fctzen.<\/p><p><strong>5. Datensicherheit<\/strong><br \/>Wir ergreifen angemessene Ma\u00dfnahmen, um Ihre pers\u00f6nlichen Daten vor unbefugtem Zugriff, Offenlegung, \u00c4nderung und Zerst\u00f6rung zu sch\u00fctzen. Allerdings ist keine Online-\u00dcbertragungs- oder Speichermethode v\u00f6llig sicher, und wir k\u00f6nnen keine absolute Sicherheit garantieren.<\/p><p><strong>6. Cookies und \u00e4hnliche Technologien<\/strong><br \/>Bitte beachten Sie unsere Cookie-Richtlinie f\u00fcr Informationen dar\u00fcber, wie wir Cookies und \u00e4hnliche Technologien verwenden.<\/p><p><strong>7. Ihre Auswahlm\u00f6glichkeiten und Rechte<\/strong><br \/>Sie haben das Recht, auf Ihre pers\u00f6nlichen Daten zuzugreifen, sie zu korrigieren oder zu l\u00f6schen. Sie k\u00f6nnen auch den Erhalt von Marketingmitteilungen von uns abbestellen. F\u00fcr weitere Details kontaktieren Sie uns bitte \u00fcber die in Abschnitt 9 angegebenen Informationen.<\/p><p><strong>8. \u00c4nderungen an der Datenschutzrichtlinie<\/strong><br \/>Wir behalten uns das Recht vor, diese Datenschutzrichtlinie jederzeit zu \u00e4ndern. \u00c4nderungen werden auf dieser Seite mit dem Datum der letzten Aktualisierung ver\u00f6ffentlicht.<\/p><p><strong>9. Kontaktieren Sie uns<\/strong><br \/>Wenn Sie Fragen oder Bedenken zu unserer Datenschutzrichtlinie haben, kontaktieren Sie uns bitte. Durch die Nutzung unserer Website stimmen Sie den in dieser Datenschutzrichtlinie dargelegten Bedingungen zu.<\/p><p>\u00a0<\/p>\t\t\t\t\t\t\t\t<\/div>\n\t\t\t\t<\/div>\n\t\t\t\t\t<\/div>\n\t\t\t\t<\/div>\n\t\t\t\t<\/div>\n\t\t","protected":false},"excerpt":{"rendered":"<p>Datenschutzerkl\u00e4rung 1. Einleitung Willkommen auf der Website von Primus Coating (wir, unser oder Seite). Diese Datenschutzrichtlinie soll Sie \u00fcber die Erhebung, Nutzung und den Schutz Ihrer pers\u00f6nlichen Daten informieren, wenn Sie unsere Website nutzen. 2. Informationen, die wir sammelnWir k\u00f6nnen verschiedene Arten von Informationen sammeln, darunter: Pers\u00f6nliche Informationen: Wie Ihren Namen, E-Mail-Adresse, Telefonnummer und andere [&hellip;]<\/p>\n","protected":false},"author":1,"featured_media":0,"parent":0,"menu_order":0,"comment_status":"closed","ping_status":"closed","template":"","meta":{"footnotes":""},"class_list":["post-2110","page","type-page","status-publish","hentry"],"yoast_head":"<!-- This site is optimized with the Yoast SEO plugin v27.2 - https:\/\/yoast.com\/product\/yoast-seo-wordpress\/ -->\n<title>PrimusCoating Switzerland | Privacy Policy<\/title>\n<meta name=\"description\" content=\"Your privacy matters. Explore our comprehensive privacy policy at Primus Coating. Your data security is our priority. Learn more.\" \/>\n<meta name=\"robots\" content=\"noindex, follow, max-snippet:-1, max-image-preview:large, max-video-preview:-1\" \/>\n<meta property=\"og:locale\" content=\"en_US\" \/>\n<meta property=\"og:type\" content=\"article\" \/>\n<meta property=\"og:title\" content=\"PrimusCoating Switzerland | Privacy Policy\" \/>\n<meta property=\"og:description\" content=\"Your privacy matters. Explore our comprehensive privacy policy at Primus Coating. Your data security is our priority. Learn more.\" \/>\n<meta property=\"og:url\" content=\"https:\/\/primuscoating.com\/switzerland\/privacy-policy\/\" \/>\n<meta property=\"og:site_name\" content=\"PrimusCoating Switzerland\" \/>\n<meta property=\"article:publisher\" content=\"https:\/\/www.facebook.com\/primuscoatingusa\" \/>\n<meta property=\"article:modified_time\" content=\"2024-08-20T13:35:06+00:00\" \/>\n<meta name=\"twitter:card\" content=\"summary_large_image\" \/>\n<meta name=\"twitter:label1\" content=\"Est. reading time\" \/>\n\t<meta name=\"twitter:data1\" content=\"2 minutes\" \/>\n<script type=\"application\/ld+json\" class=\"yoast-schema-graph\">{\"@context\":\"https:\/\/schema.org\",\"@graph\":[{\"@type\":\"WebPage\",\"@id\":\"https:\/\/primuscoating.com\/switzerland\/privacy-policy\/\",\"url\":\"https:\/\/primuscoating.com\/switzerland\/privacy-policy\/\",\"name\":\"PrimusCoating Switzerland | Privacy Policy\",\"isPartOf\":{\"@id\":\"https:\/\/primuscoating.com\/switzerland\/#website\"},\"datePublished\":\"2024-01-30T17:49:05+00:00\",\"dateModified\":\"2024-08-20T13:35:06+00:00\",\"description\":\"Your privacy matters. Explore our comprehensive privacy policy at Primus Coating. Your data security is our priority. Learn more.\",\"breadcrumb\":{\"@id\":\"https:\/\/primuscoating.com\/switzerland\/privacy-policy\/#breadcrumb\"},\"inLanguage\":\"en-US\",\"potentialAction\":[{\"@type\":\"ReadAction\",\"target\":[\"https:\/\/primuscoating.com\/switzerland\/privacy-policy\/\"]}]},{\"@type\":\"BreadcrumbList\",\"@id\":\"https:\/\/primuscoating.com\/switzerland\/privacy-policy\/#breadcrumb\",\"itemListElement\":[{\"@type\":\"ListItem\",\"position\":1,\"name\":\"Home\",\"item\":\"https:\/\/primuscoating.com\/switzerland\/\"},{\"@type\":\"ListItem\",\"position\":2,\"name\":\"Privacy Policy\"}]},{\"@type\":\"WebSite\",\"@id\":\"https:\/\/primuscoating.com\/switzerland\/#website\",\"url\":\"https:\/\/primuscoating.com\/switzerland\/\",\"name\":\"Primus Coating\",\"description\":\"\",\"publisher\":{\"@id\":\"https:\/\/primuscoating.com\/switzerland\/#organization\"},\"potentialAction\":[{\"@type\":\"SearchAction\",\"target\":{\"@type\":\"EntryPoint\",\"urlTemplate\":\"https:\/\/primuscoating.com\/switzerland\/?s={search_term_string}\"},\"query-input\":{\"@type\":\"PropertyValueSpecification\",\"valueRequired\":true,\"valueName\":\"search_term_string\"}}],\"inLanguage\":\"en-US\"},{\"@type\":\"Organization\",\"@id\":\"https:\/\/primuscoating.com\/switzerland\/#organization\",\"name\":\"Primus Coating\",\"url\":\"https:\/\/primuscoating.com\/switzerland\/\",\"logo\":{\"@type\":\"ImageObject\",\"inLanguage\":\"en-US\",\"@id\":\"https:\/\/primuscoating.com\/switzerland\/#\/schema\/logo\/image\/\",\"url\":\"https:\/\/primuscoating.com\/switzerland\/wp-content\/uploads\/2024\/01\/Logo_Primus_Coating_cor.png\",\"contentUrl\":\"https:\/\/primuscoating.com\/switzerland\/wp-content\/uploads\/2024\/01\/Logo_Primus_Coating_cor.png\",\"width\":2733,\"height\":579,\"caption\":\"Primus Coating\"},\"image\":{\"@id\":\"https:\/\/primuscoating.com\/switzerland\/#\/schema\/logo\/image\/\"},\"sameAs\":[\"https:\/\/www.facebook.com\/primuscoatingusa\",\"https:\/\/www.instagram.com\/primuscoating\",\"https:\/\/www.linkedin.com\/company\/primuscoating\"]}]}<\/script>\n<!-- \/ Yoast SEO plugin. -->","yoast_head_json":{"title":"PrimusCoating Switzerland | Privacy Policy","description":"Your privacy matters. Explore our comprehensive privacy policy at Primus Coating. Your data security is our priority. Learn more.","robots":{"index":"noindex","follow":"follow","max-snippet":"max-snippet:-1","max-image-preview":"max-image-preview:large","max-video-preview":"max-video-preview:-1"},"og_locale":"en_US","og_type":"article","og_title":"PrimusCoating Switzerland | Privacy Policy","og_description":"Your privacy matters. Explore our comprehensive privacy policy at Primus Coating. Your data security is our priority. Learn more.","og_url":"https:\/\/primuscoating.com\/switzerland\/privacy-policy\/","og_site_name":"PrimusCoating Switzerland","article_publisher":"https:\/\/www.facebook.com\/primuscoatingusa","article_modified_time":"2024-08-20T13:35:06+00:00","twitter_card":"summary_large_image","twitter_misc":{"Est. reading time":"2 minutes"},"schema":{"@context":"https:\/\/schema.org","@graph":[{"@type":"WebPage","@id":"https:\/\/primuscoating.com\/switzerland\/privacy-policy\/","url":"https:\/\/primuscoating.com\/switzerland\/privacy-policy\/","name":"PrimusCoating Switzerland | Privacy Policy","isPartOf":{"@id":"https:\/\/primuscoating.com\/switzerland\/#website"},"datePublished":"2024-01-30T17:49:05+00:00","dateModified":"2024-08-20T13:35:06+00:00","description":"Your privacy matters. Explore our comprehensive privacy policy at Primus Coating. Your data security is our priority. Learn more.","breadcrumb":{"@id":"https:\/\/primuscoating.com\/switzerland\/privacy-policy\/#breadcrumb"},"inLanguage":"en-US","potentialAction":[{"@type":"ReadAction","target":["https:\/\/primuscoating.com\/switzerland\/privacy-policy\/"]}]},{"@type":"BreadcrumbList","@id":"https:\/\/primuscoating.com\/switzerland\/privacy-policy\/#breadcrumb","itemListElement":[{"@type":"ListItem","position":1,"name":"Home","item":"https:\/\/primuscoating.com\/switzerland\/"},{"@type":"ListItem","position":2,"name":"Privacy Policy"}]},{"@type":"WebSite","@id":"https:\/\/primuscoating.com\/switzerland\/#website","url":"https:\/\/primuscoating.com\/switzerland\/","name":"Primus Coating","description":"","publisher":{"@id":"https:\/\/primuscoating.com\/switzerland\/#organization"},"potentialAction":[{"@type":"SearchAction","target":{"@type":"EntryPoint","urlTemplate":"https:\/\/primuscoating.com\/switzerland\/?s={search_term_string}"},"query-input":{"@type":"PropertyValueSpecification","valueRequired":true,"valueName":"search_term_string"}}],"inLanguage":"en-US"},{"@type":"Organization","@id":"https:\/\/primuscoating.com\/switzerland\/#organization","name":"Primus Coating","url":"https:\/\/primuscoating.com\/switzerland\/","logo":{"@type":"ImageObject","inLanguage":"en-US","@id":"https:\/\/primuscoating.com\/switzerland\/#\/schema\/logo\/image\/","url":"https:\/\/primuscoating.com\/switzerland\/wp-content\/uploads\/2024\/01\/Logo_Primus_Coating_cor.png","contentUrl":"https:\/\/primuscoating.com\/switzerland\/wp-content\/uploads\/2024\/01\/Logo_Primus_Coating_cor.png","width":2733,"height":579,"caption":"Primus Coating"},"image":{"@id":"https:\/\/primuscoating.com\/switzerland\/#\/schema\/logo\/image\/"},"sameAs":["https:\/\/www.facebook.com\/primuscoatingusa","https:\/\/www.instagram.com\/primuscoating","https:\/\/www.linkedin.com\/company\/primuscoating"]}]}},"_links":{"self":[{"href":"https:\/\/primuscoating.com\/switzerland\/wp-json\/wp\/v2\/pages\/2110","targetHints":{"allow":["GET"]}}],"collection":[{"href":"https:\/\/primuscoating.com\/switzerland\/wp-json\/wp\/v2\/pages"}],"about":[{"href":"https:\/\/primuscoating.com\/switzerland\/wp-json\/wp\/v2\/types\/page"}],"author":[{"embeddable":true,"href":"https:\/\/primuscoating.com\/switzerland\/wp-json\/wp\/v2\/users\/1"}],"replies":[{"embeddable":true,"href":"https:\/\/primuscoating.com\/switzerland\/wp-json\/wp\/v2\/comments?post=2110"}],"version-history":[{"count":19,"href":"https:\/\/primuscoating.com\/switzerland\/wp-json\/wp\/v2\/pages\/2110\/revisions"}],"predecessor-version":[{"id":11955,"href":"https:\/\/primuscoating.com\/switzerland\/wp-json\/wp\/v2\/pages\/2110\/revisions\/11955"}],"wp:attachment":[{"href":"https:\/\/primuscoating.com\/switzerland\/wp-json\/wp\/v2\/media?parent=2110"}],"curies":[{"name":"wp","href":"https:\/\/api.w.org\/{rel}","templated":true}]}}