{"id":2657,"date":"2024-02-26T19:18:47","date_gmt":"2024-02-26T19:18:47","guid":{"rendered":"https:\/\/primuscoating.com\/switzerland\/?page_id=2657"},"modified":"2024-08-20T13:48:27","modified_gmt":"2024-08-20T13:48:27","slug":"faq-primus-coating","status":"publish","type":"page","link":"https:\/\/primuscoating.com\/switzerland\/faq-primus-coating\/","title":{"rendered":"FAQ"},"content":{"rendered":"\t\t<div data-elementor-type=\"wp-page\" data-elementor-id=\"2657\" class=\"elementor elementor-2657\" data-elementor-settings=\"{&quot;ha_cmc_init_switcher&quot;:&quot;no&quot;}\" data-elementor-post-type=\"page\">\n\t\t\t\t<div class=\"elementor-element elementor-element-1294019 e-flex e-con-boxed elementor-invisible e-con e-parent\" data-id=\"1294019\" data-element_type=\"container\" data-settings=\"{&quot;background_background&quot;:&quot;classic&quot;,&quot;animation&quot;:&quot;fadeIn&quot;,&quot;_ha_eqh_enable&quot;:false}\">\n\t\t\t\t\t<div class=\"e-con-inner\">\n\t\t\t\t<div class=\"elementor-element elementor-element-02e7d17 elementor-widget elementor-widget-heading\" data-id=\"02e7d17\" data-element_type=\"widget\" data-widget_type=\"heading.default\">\n\t\t\t\t<div class=\"elementor-widget-container\">\n\t\t\t\t\t<h1 class=\"elementor-heading-title elementor-size-default\">FAQ<\/h1>\t\t\t\t<\/div>\n\t\t\t\t<\/div>\n\t\t\t\t\t<\/div>\n\t\t\t\t<\/div>\n\t\t<div class=\"elementor-element elementor-element-2196f75 e-flex e-con-boxed elementor-invisible e-con e-parent\" data-id=\"2196f75\" data-element_type=\"container\" data-settings=\"{&quot;animation&quot;:&quot;fadeIn&quot;,&quot;_ha_eqh_enable&quot;:false}\">\n\t\t\t\t\t<div class=\"e-con-inner\">\n\t\t\t\t<div class=\"elementor-element elementor-element-5eda559 elementor-widget elementor-widget-n-accordion\" data-id=\"5eda559\" data-element_type=\"widget\" data-settings=\"{&quot;default_state&quot;:&quot;expanded&quot;,&quot;max_items_expended&quot;:&quot;one&quot;,&quot;n_accordion_animation_duration&quot;:{&quot;unit&quot;:&quot;ms&quot;,&quot;size&quot;:400,&quot;sizes&quot;:[]}}\" data-widget_type=\"nested-accordion.default\">\n\t\t\t\t<div class=\"elementor-widget-container\">\n\t\t\t\t\t\t\t<div class=\"e-n-accordion\" aria-label=\"Accordion. Open links with Enter or Space, close with Escape, and navigate with Arrow Keys\">\n\t\t\t\t\t\t<details id=\"e-n-accordion-item-9940\" class=\"e-n-accordion-item\" open>\n\t\t\t\t<summary class=\"e-n-accordion-item-title\" data-accordion-index=\"1\" tabindex=\"0\" aria-expanded=\"true\" aria-controls=\"e-n-accordion-item-9940\" >\n\t\t\t\t\t<span class='e-n-accordion-item-title-header'><div class=\"e-n-accordion-item-title-text\"> PVD-Beschichtungen f\u00fcr Schneidwerkzeuge <\/div><\/span>\n\t\t\t\t\t\t\t<span class='e-n-accordion-item-title-icon'>\n\t\t\t<span class='e-opened' ><i aria-hidden=\"true\" class=\"fas fa-minus\"><\/i><\/span>\n\t\t\t<span class='e-closed'><i aria-hidden=\"true\" class=\"fas fa-plus\"><\/i><\/span>\n\t\t<\/span>\n\n\t\t\t\t\t\t<\/summary>\n\t\t\t\t<div role=\"region\" aria-labelledby=\"e-n-accordion-item-9940\" class=\"elementor-element elementor-element-e8b8297 e-con-full e-flex e-con e-child\" data-id=\"e8b8297\" data-element_type=\"container\" data-settings=\"{&quot;_ha_eqh_enable&quot;:false}\">\n\t\t\t\t<div class=\"elementor-element elementor-element-06f6dad elementor-widget elementor-widget-text-editor\" data-id=\"06f6dad\" data-element_type=\"widget\" data-widget_type=\"text-editor.default\">\n\t\t\t\t<div class=\"elementor-widget-container\">\n\t\t\t\t\t\t\t\t\t<p>Die Einf\u00fchrung von PVD-D\u00fcnnfilm-Beschichtungen f\u00fcr Schneidwerkzeuge in der Metallbearbeitungsindustrie ist eine der gro\u00dfen Erfolgsgeschichten der industriellen Anwendung moderner Beschichtungstechnologie in den letzten 30 Jahren. Das erste PVD-Beschichtungsmaterial mit einer kommerziellen Anwendung auf Schneidwerkzeugen war TiN in den fr\u00fchen 1980er Jahren, und seit den 1990er Jahren sind die meisten Schneidwerkzeuge PVD-beschichtet, insbesondere in Anwendungen, bei denen scharfe Kanten erforderlich sind, z.B. Gewindeschneiden, Nuten, Schaftfr\u00e4sen, etc. und in Schneidanwendungen, die hohe Anforderungen an eine robuste Schneidkante stellen, z.B. Bohren. In Vollhartmetall-Schneidwerkzeugen (Schaftfr\u00e4ser und Bohrer) ist PVD die Standard-Beschichtungstechnologie. Die TiAlN-PVD-Beschichtung ist derzeit die am h\u00e4ufigsten aufgetragene PVD-Beschichtung f\u00fcr Schneidwerkzeuge, aber andere Beschichtungen wie TiCN und CrN bieten in bestimmten Anwendungen bessere L\u00f6sungen.<\/p>\t\t\t\t\t\t\t\t<\/div>\n\t\t\t\t<\/div>\n\t\t\t\t<\/div>\n\t\t\t\t\t<\/details>\n\t\t\t\t\t\t<details id=\"e-n-accordion-item-9941\" class=\"e-n-accordion-item\" >\n\t\t\t\t<summary class=\"e-n-accordion-item-title\" data-accordion-index=\"2\" tabindex=\"-1\" aria-expanded=\"false\" aria-controls=\"e-n-accordion-item-9941\" >\n\t\t\t\t\t<span class='e-n-accordion-item-title-header'><div class=\"e-n-accordion-item-title-text\"> Technologie <\/div><\/span>\n\t\t\t\t\t\t\t<span class='e-n-accordion-item-title-icon'>\n\t\t\t<span class='e-opened' ><i aria-hidden=\"true\" class=\"fas fa-minus\"><\/i><\/span>\n\t\t\t<span class='e-closed'><i aria-hidden=\"true\" class=\"fas fa-plus\"><\/i><\/span>\n\t\t<\/span>\n\n\t\t\t\t\t\t<\/summary>\n\t\t\t\t<div role=\"region\" aria-labelledby=\"e-n-accordion-item-9941\" class=\"elementor-element elementor-element-cd77699 e-con-full e-flex e-con e-child\" data-id=\"cd77699\" data-element_type=\"container\" data-settings=\"{&quot;_ha_eqh_enable&quot;:false}\">\n\t\t\t\t<div class=\"elementor-element elementor-element-d8e99ff elementor-widget elementor-widget-text-editor\" data-id=\"d8e99ff\" data-element_type=\"widget\" data-widget_type=\"text-editor.default\">\n\t\t\t\t<div class=\"elementor-widget-container\">\n\t\t\t\t\t\t\t\t\t<p>PVD-D\u00fcnnfilm-Beschichtungen k\u00f6nnen bei Temperaturen unter 500 \u00baC abgeschieden werden. Dies erm\u00f6glicht die Beschichtung von Substraten wie Lagerst\u00e4hlen sowie Titan- oder Aluminiumlegierungen. Dies w\u00e4re mit der chemischen Gasphasenabscheidung (CVD) nicht m\u00f6glich. Die Beschichtungstemperatur kann sogar auf ein Niveau gesenkt werden, das es erm\u00f6glicht, Polymere zu beschichten.<\/p>\t\t\t\t\t\t\t\t<\/div>\n\t\t\t\t<\/div>\n\t\t\t\t<\/div>\n\t\t\t\t\t<\/details>\n\t\t\t\t\t\t<details id=\"e-n-accordion-item-9942\" class=\"e-n-accordion-item\" >\n\t\t\t\t<summary class=\"e-n-accordion-item-title\" data-accordion-index=\"3\" tabindex=\"-1\" aria-expanded=\"false\" aria-controls=\"e-n-accordion-item-9942\" >\n\t\t\t\t\t<span class='e-n-accordion-item-title-header'><div class=\"e-n-accordion-item-title-text\"> Wesentliche Merkmale <\/div><\/span>\n\t\t\t\t\t\t\t<span class='e-n-accordion-item-title-icon'>\n\t\t\t<span class='e-opened' ><i aria-hidden=\"true\" class=\"fas fa-minus\"><\/i><\/span>\n\t\t\t<span class='e-closed'><i aria-hidden=\"true\" class=\"fas fa-plus\"><\/i><\/span>\n\t\t<\/span>\n\n\t\t\t\t\t\t<\/summary>\n\t\t\t\t<div role=\"region\" aria-labelledby=\"e-n-accordion-item-9942\" class=\"elementor-element elementor-element-a62573f e-con-full e-flex e-con e-child\" data-id=\"a62573f\" data-element_type=\"container\" data-settings=\"{&quot;_ha_eqh_enable&quot;:false}\">\n\t\t\t\t<div class=\"elementor-element elementor-element-383a934 elementor-widget elementor-widget-text-editor\" data-id=\"383a934\" data-element_type=\"widget\" data-widget_type=\"text-editor.default\">\n\t\t\t\t<div class=\"elementor-widget-container\">\n\t\t\t\t\t\t\t\t\t<p><strong>Glatte Beschichtungen<\/strong> <br \/>Magnetron-gesputterte Beschichtungen folgen der genauen Oberfl\u00e4chenrauheit des Substratmaterials. Wenn vor der Beschichtung ein Fingerabdruck vorhanden war, sieht man ihn nach der Beschichtung. Glatte Beschichtungen sind f\u00fcr Anwendungen wie hochpr\u00e4zises Formen von entscheidender Bedeutung.<\/p><p><strong>Hohe H\u00e4rte<\/strong><br \/>PVD-Beschichtungen werden unter gleichzeitiger Ionenbeschuss abgeschieden. Diese energiereichen Ionen erm\u00f6glichen die Abscheidung dichter, harter Filme, indem sie den gesputterten Neutrale gen\u00fcgend Energie zuf\u00fchren, um eine geeignete Nukleationsstelle zu finden und hohe Druckspannungen zu induzieren. Mit dieser Technik k\u00f6nnen PVD-Beschichtungen mit einer H\u00e4rte von 1000-4000HV abgeschieden werden, was etwa 5-mal so hart ist wie Schnellarbeitsstahl.<\/p><p><strong>Verschlei\u00dffestigkeit<\/strong><br \/>PVD-Beschichtungen k\u00f6nnen so abgeschieden werden, dass sie allen Formen des Verschlei\u00dfes widerstehen. Beim Zerspanen beispielsweise werden erhebliche Reduzierungen der folgenden Verschlei\u00dfmechanismen beobachtet.<\/p><p>\u00a0<\/p>\t\t\t\t\t\t\t\t<\/div>\n\t\t\t\t<\/div>\n\t\t\t\t<\/div>\n\t\t\t\t\t<\/details>\n\t\t\t\t\t\t<details id=\"e-n-accordion-item-9943\" class=\"e-n-accordion-item\" >\n\t\t\t\t<summary class=\"e-n-accordion-item-title\" data-accordion-index=\"4\" tabindex=\"-1\" aria-expanded=\"false\" aria-controls=\"e-n-accordion-item-9943\" >\n\t\t\t\t\t<span class='e-n-accordion-item-title-header'><div class=\"e-n-accordion-item-title-text\"> Fehlerbehebung <\/div><\/span>\n\t\t\t\t\t\t\t<span class='e-n-accordion-item-title-icon'>\n\t\t\t<span class='e-opened' ><i aria-hidden=\"true\" class=\"fas fa-minus\"><\/i><\/span>\n\t\t\t<span class='e-closed'><i aria-hidden=\"true\" class=\"fas fa-plus\"><\/i><\/span>\n\t\t<\/span>\n\n\t\t\t\t\t\t<\/summary>\n\t\t\t\t<div role=\"region\" aria-labelledby=\"e-n-accordion-item-9943\" class=\"elementor-element elementor-element-78ee2b2 e-con-full e-flex e-con e-child\" data-id=\"78ee2b2\" data-element_type=\"container\" data-settings=\"{&quot;_ha_eqh_enable&quot;:false}\">\n\t\t\t\t<div class=\"elementor-element elementor-element-2608d3e elementor-widget elementor-widget-text-editor\" data-id=\"2608d3e\" data-element_type=\"widget\" data-widget_type=\"text-editor.default\">\n\t\t\t\t<div class=\"elementor-widget-container\">\n\t\t\t\t\t\t\t\t\t<p>Problem: Kraterbildung (chemische Reaktion zwischen Werkzeug und Werkst\u00fcck).<\/p><p>L\u00f6sung: Stabile Beschichtungen, die nicht leicht chemisch reagieren.<\/p><p>Problem: Flankenverschlei\u00df \u2013 Abrasionsverschlei\u00df durch harte Bestandteile des Werkst\u00fccks.<\/p><p>L\u00f6sung: Harte Beschichtungen.<\/p><p>Problem: Aufbauschneidenbildung \u2013 Schwei\u00dfen des Werkst\u00fcckmaterials an die Werkzeugspitze, das sich m\u00f6glicherweise zusammen mit einem Teil der Spitze abl\u00f6st.<\/p><p>L\u00f6sung: Niedrigreibungsbeschichtungen, die die W\u00e4rmeentwicklung und die Bildung fester L\u00f6sungen reduzieren.<\/p><p>Problem: Kerbverschlei\u00df in der Schnitttiefe \u2013 Oxidation des Werkzeugmaterials mit etwas Abrieb von der Kante des Spans.<\/p><p>L\u00f6sung: Beschichtungen, die Oxidation bis zu 1000 \u00baC widerstehen.<\/p><p>Problem: Thermische Risse \u2013 verursacht durch Temperaturgradienten beim wiederholten Erw\u00e4rmen und Abk\u00fchlen bei unterbrochenem Schneiden.<\/p><p>L\u00f6sung: Niedrigreibungsbeschichtungen, die die W\u00e4rmeentwicklung reduzieren.<\/p>\t\t\t\t\t\t\t\t<\/div>\n\t\t\t\t<\/div>\n\t\t\t\t<\/div>\n\t\t\t\t\t<\/details>\n\t\t\t\t\t\t<details id=\"e-n-accordion-item-9944\" class=\"e-n-accordion-item\" >\n\t\t\t\t<summary class=\"e-n-accordion-item-title\" data-accordion-index=\"5\" tabindex=\"-1\" aria-expanded=\"false\" aria-controls=\"e-n-accordion-item-9944\" >\n\t\t\t\t\t<span class='e-n-accordion-item-title-header'><div class=\"e-n-accordion-item-title-text\"> Vorteile der Beschichtung <\/div><\/span>\n\t\t\t\t\t\t\t<span class='e-n-accordion-item-title-icon'>\n\t\t\t<span class='e-opened' ><i aria-hidden=\"true\" class=\"fas fa-minus\"><\/i><\/span>\n\t\t\t<span class='e-closed'><i aria-hidden=\"true\" class=\"fas fa-plus\"><\/i><\/span>\n\t\t<\/span>\n\n\t\t\t\t\t\t<\/summary>\n\t\t\t\t<div role=\"region\" aria-labelledby=\"e-n-accordion-item-9944\" class=\"elementor-element elementor-element-918f19d e-con-full e-flex e-con e-child\" data-id=\"918f19d\" data-element_type=\"container\" data-settings=\"{&quot;_ha_eqh_enable&quot;:false}\">\n\t\t\t\t<div class=\"elementor-element elementor-element-85f7d33 elementor-widget elementor-widget-text-editor\" data-id=\"85f7d33\" data-element_type=\"widget\" data-widget_type=\"text-editor.default\">\n\t\t\t\t<div class=\"elementor-widget-container\">\n\t\t\t\t\t\t\t\t\t<p><strong>Spart Unternehmen Milliarden<br \/><\/strong>Im Bereich der Zerspanung und Werkzeugbearbeitung werden PVD-Beschichtungen h\u00e4ufig verwendet, um die Lebensdauer und Produktivit\u00e4t von Produktionsschneidwerkzeugen zu erh\u00f6hen und Unternehmen weltweit Milliarden von Dollar zu sparen. Der Einsatz von PVD-Beschichtungen auf Schneidwerkzeugen spart auf drei Arten Geld.<\/p><p><strong>Werkzeuge schneller betreiben<br \/><\/strong>Erstens k\u00f6nnen PVD-beschichtete Schneidwerkzeuge schneller betrieben werden, wodurch die Zykluszeiten verk\u00fcrzt und mehr Komponenten in k\u00fcrzerer Zeit produziert werden k\u00f6nnen.<\/p><p><strong>Verschlei\u00df und Ablagerungen reduzieren<\/strong><br \/>In der Metallbearbeitung existieren je nach Werkst\u00fcckmaterial verschiedene Verschlei\u00dfprozesse. Diese Verschlei\u00dfmechanismen umfassen Abrasionsverschlei\u00df an der Flanke und Freifl\u00e4che des Schneidwerkzeugs, Kraterbildung an der Spanfl\u00e4che, verursacht durch chemische Reaktion zwischen dem geschnittenen Span und der Werkzeugoberfl\u00e4che, Aufbauschneidenbildung an der Schneidkante und Kerbverschlei\u00df in der Schnitttiefe, verursacht durch Abrieb durch die \u00e4u\u00dfere Kante des Spans.<br \/><br \/>Keiner dieser Verschlei\u00dfmechanismen existiert isoliert, einer dominiert jedoch normalerweise. Beispielsweise wird beim Schneiden von niedrig-siliciumhaltigem Aluminium ein Aufbauschneiden gebildet, das die Qualit\u00e4t des Endprodukts beeintr\u00e4chtigt, w\u00e4hrend hoch-siliciumhaltiges Aluminium dazu f\u00fchrt, dass das Werkzeug haupts\u00e4chlich durch Abrieb verschlei\u00dft. PVD-Beschichtungen sind widerstandsf\u00e4hig gegen alle Formen von Verschlei\u00df und erh\u00f6hen die Lebensdauer von Schneidwerkzeugen, wodurch die Werkzeugwechselkosten reduziert werden.<br \/><br \/><\/p><p><strong>Der Bedarf an Schneidfl\u00fcssigkeit verringern<\/strong><br \/>Schneidfl\u00fcssigkeiten kosten Unternehmen heute bis zu 15% ihrer gesamten Produktionskosten. Hochgeschwindigkeitsbearbeitung und Trockenbearbeitung beinhalten extrem hohe Temperaturen an der Schneidkante. PVD-Beschichtungen wie TiAlN haben eine unglaubliche thermische Stabilit\u00e4t, Hei\u00dfh\u00e4rte und Oxidationsbest\u00e4ndigkeit. PVD-Beschichtungen k\u00f6nnen daher trocken oder mit sehr geringer Menge an Schneidfl\u00fcssigkeit betrieben werden.<\/p><p>\u00a0<\/p><p><strong>Harte Materialien schneiden<\/strong><br \/>PVD-beschichtete Schneidwerkzeuge k\u00f6nnen extrem harte Materialien schneiden, z.B. 63 HRC.<\/p><p>\u00a0<\/p>\t\t\t\t\t\t\t\t<\/div>\n\t\t\t\t<\/div>\n\t\t\t\t<\/div>\n\t\t\t\t\t<\/details>\n\t\t\t\t\t\t<details id=\"e-n-accordion-item-9945\" class=\"e-n-accordion-item\" >\n\t\t\t\t<summary class=\"e-n-accordion-item-title\" data-accordion-index=\"6\" tabindex=\"-1\" aria-expanded=\"false\" aria-controls=\"e-n-accordion-item-9945\" >\n\t\t\t\t\t<span class='e-n-accordion-item-title-header'><div class=\"e-n-accordion-item-title-text\"> Nachsch\u00e4rfen und Neubeschichten von Schneidwerkzeugen <\/div><\/span>\n\t\t\t\t\t\t\t<span class='e-n-accordion-item-title-icon'>\n\t\t\t<span class='e-opened' ><i aria-hidden=\"true\" class=\"fas fa-minus\"><\/i><\/span>\n\t\t\t<span class='e-closed'><i aria-hidden=\"true\" class=\"fas fa-plus\"><\/i><\/span>\n\t\t<\/span>\n\n\t\t\t\t\t\t<\/summary>\n\t\t\t\t<div role=\"region\" aria-labelledby=\"e-n-accordion-item-9945\" class=\"elementor-element elementor-element-82785fe e-con-full e-flex e-con e-child\" data-id=\"82785fe\" data-element_type=\"container\" data-settings=\"{&quot;_ha_eqh_enable&quot;:false}\">\n\t\t\t\t<div class=\"elementor-element elementor-element-1ca8926 elementor-widget elementor-widget-text-editor\" data-id=\"1ca8926\" data-element_type=\"widget\" data-widget_type=\"text-editor.default\">\n\t\t\t\t<div class=\"elementor-widget-container\">\n\t\t\t\t\t\t\t\t\t<p>Die Schneidwerkzeuge erzielen die gleiche Leistung wie neue beschichtete Werkzeuge.<\/p>\t\t\t\t\t\t\t\t<\/div>\n\t\t\t\t<\/div>\n\t\t\t\t<\/div>\n\t\t\t\t\t<\/details>\n\t\t\t\t\t<\/div>\n\t\t\t\t\t\t<\/div>\n\t\t\t\t<\/div>\n\t\t\t\t\t<\/div>\n\t\t\t\t<\/div>\n\t\t\t\t<\/div>\n\t\t","protected":false},"excerpt":{"rendered":"<p>FAQ PVD-Beschichtungen f\u00fcr Schneidwerkzeuge Die Einf\u00fchrung von PVD-D\u00fcnnfilm-Beschichtungen f\u00fcr Schneidwerkzeuge in der Metallbearbeitungsindustrie ist eine der gro\u00dfen Erfolgsgeschichten der industriellen Anwendung moderner Beschichtungstechnologie in den letzten 30 Jahren. Das erste PVD-Beschichtungsmaterial mit einer kommerziellen Anwendung auf Schneidwerkzeugen war TiN in den fr\u00fchen 1980er Jahren, und seit den 1990er Jahren sind die meisten Schneidwerkzeuge PVD-beschichtet, insbesondere [&hellip;]<\/p>\n","protected":false},"author":1,"featured_media":0,"parent":0,"menu_order":0,"comment_status":"closed","ping_status":"closed","template":"","meta":{"footnotes":""},"class_list":["post-2657","page","type-page","status-publish","hentry"],"yoast_head":"<!-- This site is optimized with the Yoast SEO plugin v27.2 - https:\/\/yoast.com\/product\/yoast-seo-wordpress\/ -->\n<title>PrimusCoating Switzerland | FAQ<\/title>\n<meta name=\"description\" content=\"Got questions? Find answers to commonly asked queries about FAQ Primus Coating services, processes, and more in our FAQ section. Explore now!\" \/>\n<meta name=\"robots\" content=\"noindex, follow, max-snippet:-1, max-image-preview:large, max-video-preview:-1\" \/>\n<meta property=\"og:locale\" content=\"en_US\" \/>\n<meta property=\"og:type\" content=\"article\" \/>\n<meta property=\"og:title\" content=\"PrimusCoating Switzerland | FAQ\" \/>\n<meta property=\"og:description\" content=\"Got questions? Find answers to commonly asked queries about FAQ Primus Coating services, processes, and more in our FAQ section. Explore now!\" \/>\n<meta property=\"og:url\" content=\"https:\/\/primuscoating.com\/switzerland\/faq-primus-coating\/\" \/>\n<meta property=\"og:site_name\" content=\"PrimusCoating Switzerland\" \/>\n<meta property=\"article:publisher\" content=\"https:\/\/www.facebook.com\/primuscoatingusa\" \/>\n<meta property=\"article:modified_time\" content=\"2024-08-20T13:48:27+00:00\" \/>\n<meta name=\"twitter:card\" content=\"summary_large_image\" \/>\n<meta name=\"twitter:label1\" content=\"Est. reading time\" \/>\n\t<meta name=\"twitter:data1\" content=\"6 minutes\" \/>\n<script type=\"application\/ld+json\" class=\"yoast-schema-graph\">{\"@context\":\"https:\/\/schema.org\",\"@graph\":[{\"@type\":\"WebPage\",\"@id\":\"https:\/\/primuscoating.com\/switzerland\/faq-primus-coating\/\",\"url\":\"https:\/\/primuscoating.com\/switzerland\/faq-primus-coating\/\",\"name\":\"PrimusCoating Switzerland | FAQ\",\"isPartOf\":{\"@id\":\"https:\/\/primuscoating.com\/switzerland\/#website\"},\"datePublished\":\"2024-02-26T19:18:47+00:00\",\"dateModified\":\"2024-08-20T13:48:27+00:00\",\"description\":\"Got questions? Find answers to commonly asked queries about FAQ Primus Coating services, processes, and more in our FAQ section. Explore now!\",\"breadcrumb\":{\"@id\":\"https:\/\/primuscoating.com\/switzerland\/faq-primus-coating\/#breadcrumb\"},\"inLanguage\":\"en-US\",\"potentialAction\":[{\"@type\":\"ReadAction\",\"target\":[\"https:\/\/primuscoating.com\/switzerland\/faq-primus-coating\/\"]}]},{\"@type\":\"BreadcrumbList\",\"@id\":\"https:\/\/primuscoating.com\/switzerland\/faq-primus-coating\/#breadcrumb\",\"itemListElement\":[{\"@type\":\"ListItem\",\"position\":1,\"name\":\"Home\",\"item\":\"https:\/\/primuscoating.com\/switzerland\/\"},{\"@type\":\"ListItem\",\"position\":2,\"name\":\"FAQ\"}]},{\"@type\":\"WebSite\",\"@id\":\"https:\/\/primuscoating.com\/switzerland\/#website\",\"url\":\"https:\/\/primuscoating.com\/switzerland\/\",\"name\":\"Primus Coating\",\"description\":\"\",\"publisher\":{\"@id\":\"https:\/\/primuscoating.com\/switzerland\/#organization\"},\"potentialAction\":[{\"@type\":\"SearchAction\",\"target\":{\"@type\":\"EntryPoint\",\"urlTemplate\":\"https:\/\/primuscoating.com\/switzerland\/?s={search_term_string}\"},\"query-input\":{\"@type\":\"PropertyValueSpecification\",\"valueRequired\":true,\"valueName\":\"search_term_string\"}}],\"inLanguage\":\"en-US\"},{\"@type\":\"Organization\",\"@id\":\"https:\/\/primuscoating.com\/switzerland\/#organization\",\"name\":\"Primus Coating\",\"url\":\"https:\/\/primuscoating.com\/switzerland\/\",\"logo\":{\"@type\":\"ImageObject\",\"inLanguage\":\"en-US\",\"@id\":\"https:\/\/primuscoating.com\/switzerland\/#\/schema\/logo\/image\/\",\"url\":\"https:\/\/primuscoating.com\/switzerland\/wp-content\/uploads\/2024\/01\/Logo_Primus_Coating_cor.png\",\"contentUrl\":\"https:\/\/primuscoating.com\/switzerland\/wp-content\/uploads\/2024\/01\/Logo_Primus_Coating_cor.png\",\"width\":2733,\"height\":579,\"caption\":\"Primus Coating\"},\"image\":{\"@id\":\"https:\/\/primuscoating.com\/switzerland\/#\/schema\/logo\/image\/\"},\"sameAs\":[\"https:\/\/www.facebook.com\/primuscoatingusa\",\"https:\/\/www.instagram.com\/primuscoating\",\"https:\/\/www.linkedin.com\/company\/primuscoating\"]}]}<\/script>\n<!-- \/ Yoast SEO plugin. -->","yoast_head_json":{"title":"PrimusCoating Switzerland | FAQ","description":"Got questions? Find answers to commonly asked queries about FAQ Primus Coating services, processes, and more in our FAQ section. Explore now!","robots":{"index":"noindex","follow":"follow","max-snippet":"max-snippet:-1","max-image-preview":"max-image-preview:large","max-video-preview":"max-video-preview:-1"},"og_locale":"en_US","og_type":"article","og_title":"PrimusCoating Switzerland | FAQ","og_description":"Got questions? Find answers to commonly asked queries about FAQ Primus Coating services, processes, and more in our FAQ section. Explore now!","og_url":"https:\/\/primuscoating.com\/switzerland\/faq-primus-coating\/","og_site_name":"PrimusCoating Switzerland","article_publisher":"https:\/\/www.facebook.com\/primuscoatingusa","article_modified_time":"2024-08-20T13:48:27+00:00","twitter_card":"summary_large_image","twitter_misc":{"Est. reading time":"6 minutes"},"schema":{"@context":"https:\/\/schema.org","@graph":[{"@type":"WebPage","@id":"https:\/\/primuscoating.com\/switzerland\/faq-primus-coating\/","url":"https:\/\/primuscoating.com\/switzerland\/faq-primus-coating\/","name":"PrimusCoating Switzerland | FAQ","isPartOf":{"@id":"https:\/\/primuscoating.com\/switzerland\/#website"},"datePublished":"2024-02-26T19:18:47+00:00","dateModified":"2024-08-20T13:48:27+00:00","description":"Got questions? Find answers to commonly asked queries about FAQ Primus Coating services, processes, and more in our FAQ section. Explore now!","breadcrumb":{"@id":"https:\/\/primuscoating.com\/switzerland\/faq-primus-coating\/#breadcrumb"},"inLanguage":"en-US","potentialAction":[{"@type":"ReadAction","target":["https:\/\/primuscoating.com\/switzerland\/faq-primus-coating\/"]}]},{"@type":"BreadcrumbList","@id":"https:\/\/primuscoating.com\/switzerland\/faq-primus-coating\/#breadcrumb","itemListElement":[{"@type":"ListItem","position":1,"name":"Home","item":"https:\/\/primuscoating.com\/switzerland\/"},{"@type":"ListItem","position":2,"name":"FAQ"}]},{"@type":"WebSite","@id":"https:\/\/primuscoating.com\/switzerland\/#website","url":"https:\/\/primuscoating.com\/switzerland\/","name":"Primus Coating","description":"","publisher":{"@id":"https:\/\/primuscoating.com\/switzerland\/#organization"},"potentialAction":[{"@type":"SearchAction","target":{"@type":"EntryPoint","urlTemplate":"https:\/\/primuscoating.com\/switzerland\/?s={search_term_string}"},"query-input":{"@type":"PropertyValueSpecification","valueRequired":true,"valueName":"search_term_string"}}],"inLanguage":"en-US"},{"@type":"Organization","@id":"https:\/\/primuscoating.com\/switzerland\/#organization","name":"Primus Coating","url":"https:\/\/primuscoating.com\/switzerland\/","logo":{"@type":"ImageObject","inLanguage":"en-US","@id":"https:\/\/primuscoating.com\/switzerland\/#\/schema\/logo\/image\/","url":"https:\/\/primuscoating.com\/switzerland\/wp-content\/uploads\/2024\/01\/Logo_Primus_Coating_cor.png","contentUrl":"https:\/\/primuscoating.com\/switzerland\/wp-content\/uploads\/2024\/01\/Logo_Primus_Coating_cor.png","width":2733,"height":579,"caption":"Primus Coating"},"image":{"@id":"https:\/\/primuscoating.com\/switzerland\/#\/schema\/logo\/image\/"},"sameAs":["https:\/\/www.facebook.com\/primuscoatingusa","https:\/\/www.instagram.com\/primuscoating","https:\/\/www.linkedin.com\/company\/primuscoating"]}]}},"_links":{"self":[{"href":"https:\/\/primuscoating.com\/switzerland\/wp-json\/wp\/v2\/pages\/2657","targetHints":{"allow":["GET"]}}],"collection":[{"href":"https:\/\/primuscoating.com\/switzerland\/wp-json\/wp\/v2\/pages"}],"about":[{"href":"https:\/\/primuscoating.com\/switzerland\/wp-json\/wp\/v2\/types\/page"}],"author":[{"embeddable":true,"href":"https:\/\/primuscoating.com\/switzerland\/wp-json\/wp\/v2\/users\/1"}],"replies":[{"embeddable":true,"href":"https:\/\/primuscoating.com\/switzerland\/wp-json\/wp\/v2\/comments?post=2657"}],"version-history":[{"count":22,"href":"https:\/\/primuscoating.com\/switzerland\/wp-json\/wp\/v2\/pages\/2657\/revisions"}],"predecessor-version":[{"id":11958,"href":"https:\/\/primuscoating.com\/switzerland\/wp-json\/wp\/v2\/pages\/2657\/revisions\/11958"}],"wp:attachment":[{"href":"https:\/\/primuscoating.com\/switzerland\/wp-json\/wp\/v2\/media?parent=2657"}],"curies":[{"name":"wp","href":"https:\/\/api.w.org\/{rel}","templated":true}]}}