{"id":6185,"date":"2024-03-27T18:45:48","date_gmt":"2024-03-27T18:45:48","guid":{"rendered":"https:\/\/primuscoating.com\/switzerland\/?page_id=6185"},"modified":"2025-02-19T17:05:05","modified_gmt":"2025-02-19T17:05:05","slug":"hochleistungsbeschichtungen-fur-komponenten","status":"publish","type":"page","link":"https:\/\/primuscoating.com\/switzerland\/beschichtungen\/hochleistungsbeschichtungen-fur-komponenten\/","title":{"rendered":"Hochleistungsbeschichtungen f\u00fcr Komponenten"},"content":{"rendered":"\t\t<div data-elementor-type=\"wp-page\" data-elementor-id=\"6185\" class=\"elementor elementor-6185\" data-elementor-settings=\"{&quot;ha_cmc_init_switcher&quot;:&quot;no&quot;}\" data-elementor-post-type=\"page\">\n\t\t\t\t<div class=\"elementor-element elementor-element-720fa43 e-flex e-con-boxed elementor-invisible e-con e-parent\" data-id=\"720fa43\" data-element_type=\"container\" data-settings=\"{&quot;background_background&quot;:&quot;classic&quot;,&quot;shape_divider_bottom&quot;:&quot;triangle&quot;,&quot;shape_divider_bottom_negative&quot;:&quot;yes&quot;,&quot;animation&quot;:&quot;fadeIn&quot;,&quot;_ha_eqh_enable&quot;:false}\">\n\t\t\t\t\t<div class=\"e-con-inner\">\n\t\t\t\t<div class=\"elementor-shape elementor-shape-bottom\" aria-hidden=\"true\" data-negative=\"true\">\n\t\t\t<svg xmlns=\"http:\/\/www.w3.org\/2000\/svg\" viewBox=\"0 0 1000 100\" preserveAspectRatio=\"none\">\n\t<path class=\"elementor-shape-fill\" d=\"M500.2,94.7L0,0v100h1000V0L500.2,94.7z\"\/>\n<\/svg>\t\t<\/div>\n\t\t\t\t<div class=\"elementor-element elementor-element-f520502 elementor-widget elementor-widget-heading\" data-id=\"f520502\" data-element_type=\"widget\" data-widget_type=\"heading.default\">\n\t\t\t\t<div class=\"elementor-widget-container\">\n\t\t\t\t\t<h1 class=\"elementor-heading-title elementor-size-default\">Hochleistungsbeschichtungen f\u00fcr<br>Komponenten<\/h1>\t\t\t\t<\/div>\n\t\t\t\t<\/div>\n\t\t\t\t\t<\/div>\n\t\t\t\t<\/div>\n\t\t<div class=\"elementor-element elementor-element-9756514 e-flex e-con-boxed elementor-invisible e-con e-parent\" data-id=\"9756514\" data-element_type=\"container\" data-settings=\"{&quot;background_background&quot;:&quot;gradient&quot;,&quot;animation&quot;:&quot;fadeInUp&quot;,&quot;_ha_eqh_enable&quot;:false}\">\n\t\t\t\t\t<div class=\"e-con-inner\">\n\t\t<div class=\"elementor-element elementor-element-ef80c08 e-flex e-con-boxed e-con e-child\" data-id=\"ef80c08\" data-element_type=\"container\" data-settings=\"{&quot;_ha_eqh_enable&quot;:false}\">\n\t\t\t\t\t<div class=\"e-con-inner\">\n\t\t\t\t<div class=\"elementor-element elementor-element-c4002b7 elementor-widget elementor-widget-breadcrumbs\" data-id=\"c4002b7\" data-element_type=\"widget\" data-widget_type=\"breadcrumbs.default\">\n\t\t\t\t<div class=\"elementor-widget-container\">\n\t\t\t\t\t<p id=\"breadcrumbs\"><span><span><a href=\"https:\/\/primuscoating.com\/switzerland\/\">Home<\/a><\/span><\/span><\/p>\t\t\t\t<\/div>\n\t\t\t\t<\/div>\n\t\t\t\t\t<\/div>\n\t\t\t\t<\/div>\n\t\t\t\t\t<\/div>\n\t\t\t\t<\/div>\n\t\t<div class=\"elementor-element elementor-element-2c8022a elementor-hidden-tablet e-flex e-con-boxed elementor-invisible e-con e-parent\" data-id=\"2c8022a\" data-element_type=\"container\" data-settings=\"{&quot;background_background&quot;:&quot;classic&quot;,&quot;animation&quot;:&quot;fadeInUp&quot;,&quot;_ha_eqh_enable&quot;:false}\">\n\t\t\t\t\t<div class=\"e-con-inner\">\n\t\t<div class=\"elementor-element elementor-element-fad5086 e-flex e-con-boxed e-con e-child\" data-id=\"fad5086\" data-element_type=\"container\" data-settings=\"{&quot;_ha_eqh_enable&quot;:false}\">\n\t\t\t\t\t<div class=\"e-con-inner\">\n\t\t<div class=\"elementor-element elementor-element-25ada46 e-con-full e-flex e-con e-child\" data-id=\"25ada46\" data-element_type=\"container\" data-settings=\"{&quot;background_background&quot;:&quot;gradient&quot;,&quot;_ha_eqh_enable&quot;:false}\">\n\t\t\t\t<div class=\"elementor-element elementor-element-03df86a elementor-widget elementor-widget-heading\" data-id=\"03df86a\" data-element_type=\"widget\" data-widget_type=\"heading.default\">\n\t\t\t\t<div class=\"elementor-widget-container\">\n\t\t\t\t\t<h2 class=\"elementor-heading-title elementor-size-default\">TiN<\/h2>\t\t\t\t<\/div>\n\t\t\t\t<\/div>\n\t\t\t\t<div class=\"elementor-element elementor-element-ae27ac8 elementor-widget elementor-widget-text-editor\" data-id=\"ae27ac8\" data-element_type=\"widget\" data-widget_type=\"text-editor.default\">\n\t\t\t\t<div class=\"elementor-widget-container\">\n\t\t\t\t\t\t\t\t\t<p>Erfahren Sie mehr \u00fcber<br \/><strong>TiN<\/strong> for Components<\/p>\t\t\t\t\t\t\t\t<\/div>\n\t\t\t\t<\/div>\n\t\t\t\t<div class=\"elementor-element elementor-element-fb1ea33 elementor-widget elementor-widget-button\" data-id=\"fb1ea33\" data-element_type=\"widget\" data-widget_type=\"button.default\">\n\t\t\t\t<div class=\"elementor-widget-container\">\n\t\t\t\t\t\t\t\t\t<div class=\"elementor-button-wrapper\">\n\t\t\t\t\t<a class=\"elementor-button elementor-button-link elementor-size-sm\" href=\"https:\/\/primuscoating.com\/switzerland\/beschichtungen\/hochleistungsbeschichtungen-fur-komponenten\/komponenten-tin\/\">\n\t\t\t\t\t\t<span class=\"elementor-button-content-wrapper\">\n\t\t\t\t\t\t<span class=\"elementor-button-icon\">\n\t\t\t\t<i aria-hidden=\"true\" class=\"hm hm-arrow-right1\"><\/i>\t\t\t<\/span>\n\t\t\t\t\t\t\t\t\t<span class=\"elementor-button-text\">Mehr sehen<\/span>\n\t\t\t\t\t<\/span>\n\t\t\t\t\t<\/a>\n\t\t\t\t<\/div>\n\t\t\t\t\t\t\t\t<\/div>\n\t\t\t\t<\/div>\n\t\t\t\t<\/div>\n\t\t<div class=\"elementor-element elementor-element-18a85cf e-con-full e-flex e-con e-child\" data-id=\"18a85cf\" data-element_type=\"container\" data-settings=\"{&quot;background_background&quot;:&quot;gradient&quot;,&quot;_ha_eqh_enable&quot;:false}\">\n\t\t\t\t<div class=\"elementor-element elementor-element-5b94cda elementor-widget elementor-widget-heading\" data-id=\"5b94cda\" data-element_type=\"widget\" data-widget_type=\"heading.default\">\n\t\t\t\t<div class=\"elementor-widget-container\">\n\t\t\t\t\t<h2 class=\"elementor-heading-title elementor-size-default\">CrN<\/h2>\t\t\t\t<\/div>\n\t\t\t\t<\/div>\n\t\t\t\t<div class=\"elementor-element elementor-element-cbb2c30 elementor-widget elementor-widget-text-editor\" data-id=\"cbb2c30\" data-element_type=\"widget\" data-widget_type=\"text-editor.default\">\n\t\t\t\t<div class=\"elementor-widget-container\">\n\t\t\t\t\t\t\t\t\t<p>Erfahren Sie mehr \u00fcber<br \/><strong>CrN<\/strong> for Components<\/p>\t\t\t\t\t\t\t\t<\/div>\n\t\t\t\t<\/div>\n\t\t\t\t<div class=\"elementor-element elementor-element-11ab57b elementor-widget elementor-widget-button\" data-id=\"11ab57b\" data-element_type=\"widget\" data-widget_type=\"button.default\">\n\t\t\t\t<div class=\"elementor-widget-container\">\n\t\t\t\t\t\t\t\t\t<div class=\"elementor-button-wrapper\">\n\t\t\t\t\t<a class=\"elementor-button elementor-button-link elementor-size-sm\" href=\"https:\/\/primuscoating.com\/switzerland\/beschichtungen\/hochleistungsbeschichtungen-fur-komponenten\/komponenten-crn\/\">\n\t\t\t\t\t\t<span class=\"elementor-button-content-wrapper\">\n\t\t\t\t\t\t<span class=\"elementor-button-icon\">\n\t\t\t\t<i aria-hidden=\"true\" class=\"hm hm-arrow-right1\"><\/i>\t\t\t<\/span>\n\t\t\t\t\t\t\t\t\t<span class=\"elementor-button-text\">Mehr sehen<\/span>\n\t\t\t\t\t<\/span>\n\t\t\t\t\t<\/a>\n\t\t\t\t<\/div>\n\t\t\t\t\t\t\t\t<\/div>\n\t\t\t\t<\/div>\n\t\t\t\t<\/div>\n\t\t<div class=\"elementor-element elementor-element-d9e603b e-con-full e-flex e-con e-child\" data-id=\"d9e603b\" data-element_type=\"container\" data-settings=\"{&quot;background_background&quot;:&quot;gradient&quot;,&quot;_ha_eqh_enable&quot;:false}\">\n\t\t\t\t<div class=\"elementor-element elementor-element-f3d5c04 elementor-widget elementor-widget-heading\" data-id=\"f3d5c04\" data-element_type=\"widget\" data-widget_type=\"heading.default\">\n\t\t\t\t<div class=\"elementor-widget-container\">\n\t\t\t\t\t<h2 class=\"elementor-heading-title elementor-size-default\">HP Cera<\/h2>\t\t\t\t<\/div>\n\t\t\t\t<\/div>\n\t\t\t\t<div class=\"elementor-element elementor-element-4375b0d elementor-widget elementor-widget-text-editor\" data-id=\"4375b0d\" data-element_type=\"widget\" data-widget_type=\"text-editor.default\">\n\t\t\t\t<div class=\"elementor-widget-container\">\n\t\t\t\t\t\t\t\t\t<p>Erfahren Sie mehr \u00fcber<br \/><strong>HP Cera<\/strong> for Components<\/p>\t\t\t\t\t\t\t\t<\/div>\n\t\t\t\t<\/div>\n\t\t\t\t<div class=\"elementor-element elementor-element-a816843 elementor-widget elementor-widget-button\" data-id=\"a816843\" data-element_type=\"widget\" data-widget_type=\"button.default\">\n\t\t\t\t<div class=\"elementor-widget-container\">\n\t\t\t\t\t\t\t\t\t<div class=\"elementor-button-wrapper\">\n\t\t\t\t\t<a class=\"elementor-button elementor-button-link elementor-size-sm\" href=\"https:\/\/primuscoating.com\/switzerland\/beschichtungen\/hochleistungsbeschichtungen-fur-komponenten\/komponenten-hp-cera\/\">\n\t\t\t\t\t\t<span class=\"elementor-button-content-wrapper\">\n\t\t\t\t\t\t<span class=\"elementor-button-icon\">\n\t\t\t\t<i aria-hidden=\"true\" class=\"hm hm-arrow-right1\"><\/i>\t\t\t<\/span>\n\t\t\t\t\t\t\t\t\t<span class=\"elementor-button-text\">Mehr sehen<\/span>\n\t\t\t\t\t<\/span>\n\t\t\t\t\t<\/a>\n\t\t\t\t<\/div>\n\t\t\t\t\t\t\t\t<\/div>\n\t\t\t\t<\/div>\n\t\t\t\t<\/div>\n\t\t\t\t\t<\/div>\n\t\t\t\t<\/div>\n\t\t\t\t\t<\/div>\n\t\t\t\t<\/div>\n\t\t<div class=\"elementor-element elementor-element-4fa3fa6 elementor-hidden-desktop elementor-hidden-mobile e-flex e-con-boxed e-con e-parent\" data-id=\"4fa3fa6\" data-element_type=\"container\" data-settings=\"{&quot;background_background&quot;:&quot;classic&quot;,&quot;animation_tablet&quot;:&quot;fadeInUp&quot;,&quot;_ha_eqh_enable&quot;:false}\">\n\t\t\t\t\t<div class=\"e-con-inner\">\n\t\t<div class=\"elementor-element elementor-element-f510b87 e-con-full e-flex e-con e-child\" data-id=\"f510b87\" data-element_type=\"container\" data-settings=\"{&quot;background_background&quot;:&quot;gradient&quot;,&quot;_ha_eqh_enable&quot;:false}\">\n\t\t\t\t<div class=\"elementor-element elementor-element-eb9114a elementor-widget elementor-widget-heading\" data-id=\"eb9114a\" data-element_type=\"widget\" data-widget_type=\"heading.default\">\n\t\t\t\t<div class=\"elementor-widget-container\">\n\t\t\t\t\t<h2 class=\"elementor-heading-title elementor-size-default\">TiN<\/h2>\t\t\t\t<\/div>\n\t\t\t\t<\/div>\n\t\t\t\t<div class=\"elementor-element elementor-element-799c70c elementor-widget elementor-widget-text-editor\" data-id=\"799c70c\" data-element_type=\"widget\" data-widget_type=\"text-editor.default\">\n\t\t\t\t<div class=\"elementor-widget-container\">\n\t\t\t\t\t\t\t\t\t<p>Erfahren Sie mehr \u00fcber<br \/><strong>TiN<\/strong> f\u00fcr Komponenten<\/p>\t\t\t\t\t\t\t\t<\/div>\n\t\t\t\t<\/div>\n\t\t\t\t<div class=\"elementor-element elementor-element-ee79a6f elementor-widget elementor-widget-button\" data-id=\"ee79a6f\" data-element_type=\"widget\" data-widget_type=\"button.default\">\n\t\t\t\t<div class=\"elementor-widget-container\">\n\t\t\t\t\t\t\t\t\t<div class=\"elementor-button-wrapper\">\n\t\t\t\t\t<a class=\"elementor-button elementor-button-link elementor-size-sm\" href=\"https:\/\/primuscoating.com\/switzerland\/beschichtungen\/hochleistungsbeschichtungen-fur-komponenten\/komponenten-tin\/\">\n\t\t\t\t\t\t<span class=\"elementor-button-content-wrapper\">\n\t\t\t\t\t\t<span class=\"elementor-button-icon\">\n\t\t\t\t<i aria-hidden=\"true\" class=\"hm hm-arrow-right1\"><\/i>\t\t\t<\/span>\n\t\t\t\t\t\t\t\t\t<span class=\"elementor-button-text\">Mehr sehen<\/span>\n\t\t\t\t\t<\/span>\n\t\t\t\t\t<\/a>\n\t\t\t\t<\/div>\n\t\t\t\t\t\t\t\t<\/div>\n\t\t\t\t<\/div>\n\t\t\t\t<\/div>\n\t\t<div class=\"elementor-element elementor-element-86844e2 e-con-full e-flex e-con e-child\" data-id=\"86844e2\" data-element_type=\"container\" data-settings=\"{&quot;background_background&quot;:&quot;gradient&quot;,&quot;_ha_eqh_enable&quot;:false}\">\n\t\t\t\t<div class=\"elementor-element elementor-element-4c4c6c4 elementor-widget elementor-widget-heading\" data-id=\"4c4c6c4\" data-element_type=\"widget\" data-widget_type=\"heading.default\">\n\t\t\t\t<div class=\"elementor-widget-container\">\n\t\t\t\t\t<h2 class=\"elementor-heading-title elementor-size-default\">CrN<\/h2>\t\t\t\t<\/div>\n\t\t\t\t<\/div>\n\t\t\t\t<div class=\"elementor-element elementor-element-9abfaea elementor-widget elementor-widget-text-editor\" data-id=\"9abfaea\" data-element_type=\"widget\" data-widget_type=\"text-editor.default\">\n\t\t\t\t<div class=\"elementor-widget-container\">\n\t\t\t\t\t\t\t\t\t<p>Erfahren Sie mehr \u00fcber<br \/><strong>CrN<\/strong> f\u00fcr Komponenten<\/p>\t\t\t\t\t\t\t\t<\/div>\n\t\t\t\t<\/div>\n\t\t\t\t<div class=\"elementor-element elementor-element-814a68a elementor-widget elementor-widget-button\" data-id=\"814a68a\" data-element_type=\"widget\" data-widget_type=\"button.default\">\n\t\t\t\t<div class=\"elementor-widget-container\">\n\t\t\t\t\t\t\t\t\t<div class=\"elementor-button-wrapper\">\n\t\t\t\t\t<a class=\"elementor-button elementor-button-link elementor-size-sm\" href=\"https:\/\/primuscoating.com\/switzerland\/beschichtungen\/hochleistungsbeschichtungen-fur-komponenten\/komponenten-crn\/\">\n\t\t\t\t\t\t<span class=\"elementor-button-content-wrapper\">\n\t\t\t\t\t\t<span class=\"elementor-button-icon\">\n\t\t\t\t<i aria-hidden=\"true\" class=\"hm hm-arrow-right1\"><\/i>\t\t\t<\/span>\n\t\t\t\t\t\t\t\t\t<span class=\"elementor-button-text\">Mehr sehen<\/span>\n\t\t\t\t\t<\/span>\n\t\t\t\t\t<\/a>\n\t\t\t\t<\/div>\n\t\t\t\t\t\t\t\t<\/div>\n\t\t\t\t<\/div>\n\t\t\t\t<\/div>\n\t\t\t\t\t<\/div>\n\t\t\t\t<\/div>\n\t\t<div class=\"elementor-element elementor-element-a8e84aa elementor-hidden-desktop elementor-hidden-mobile e-flex e-con-boxed e-con e-parent\" data-id=\"a8e84aa\" data-element_type=\"container\" data-settings=\"{&quot;background_background&quot;:&quot;classic&quot;,&quot;animation_tablet&quot;:&quot;fadeInUp&quot;,&quot;_ha_eqh_enable&quot;:false}\">\n\t\t\t\t\t<div class=\"e-con-inner\">\n\t\t<div class=\"elementor-element elementor-element-cefb7e0 e-con-full e-flex e-con e-child\" data-id=\"cefb7e0\" data-element_type=\"container\" data-settings=\"{&quot;background_background&quot;:&quot;gradient&quot;,&quot;_ha_eqh_enable&quot;:false}\">\n\t\t\t\t<div class=\"elementor-element elementor-element-18afbcf elementor-widget elementor-widget-heading\" data-id=\"18afbcf\" data-element_type=\"widget\" data-widget_type=\"heading.default\">\n\t\t\t\t<div class=\"elementor-widget-container\">\n\t\t\t\t\t<h2 class=\"elementor-heading-title elementor-size-default\">HP Cera<\/h2>\t\t\t\t<\/div>\n\t\t\t\t<\/div>\n\t\t\t\t<div class=\"elementor-element elementor-element-6000836 elementor-widget elementor-widget-text-editor\" data-id=\"6000836\" data-element_type=\"widget\" data-widget_type=\"text-editor.default\">\n\t\t\t\t<div class=\"elementor-widget-container\">\n\t\t\t\t\t\t\t\t\t<p>Erfahren Sie mehr \u00fcber<br \/><strong>HP Cera<\/strong> f\u00fcr Komponenten<\/p>\t\t\t\t\t\t\t\t<\/div>\n\t\t\t\t<\/div>\n\t\t\t\t<div class=\"elementor-element elementor-element-84e935f elementor-widget elementor-widget-button\" data-id=\"84e935f\" data-element_type=\"widget\" data-widget_type=\"button.default\">\n\t\t\t\t<div class=\"elementor-widget-container\">\n\t\t\t\t\t\t\t\t\t<div class=\"elementor-button-wrapper\">\n\t\t\t\t\t<a class=\"elementor-button elementor-button-link elementor-size-sm\" href=\"https:\/\/primuscoating.com\/switzerland\/beschichtungen\/hochleistungsbeschichtungen-fur-komponenten\/komponenten-hp-cera\/\">\n\t\t\t\t\t\t<span class=\"elementor-button-content-wrapper\">\n\t\t\t\t\t\t<span class=\"elementor-button-icon\">\n\t\t\t\t<i aria-hidden=\"true\" class=\"hm hm-arrow-right1\"><\/i>\t\t\t<\/span>\n\t\t\t\t\t\t\t\t\t<span class=\"elementor-button-text\">Mehr sehen<\/span>\n\t\t\t\t\t<\/span>\n\t\t\t\t\t<\/a>\n\t\t\t\t<\/div>\n\t\t\t\t\t\t\t\t<\/div>\n\t\t\t\t<\/div>\n\t\t\t\t<\/div>\n\t\t<div class=\"elementor-element elementor-element-ae8a4e9 e-con-full e-flex e-con e-child\" data-id=\"ae8a4e9\" data-element_type=\"container\" data-settings=\"{&quot;background_background&quot;:&quot;gradient&quot;,&quot;_ha_eqh_enable&quot;:false}\">\n\t\t\t\t<\/div>\n\t\t\t\t\t<\/div>\n\t\t\t\t<\/div>\n\t\t\t\t<\/div>\n\t\t","protected":false},"excerpt":{"rendered":"<p>Hochleistungsbeschichtungen f\u00fcrKomponenten TiN Erfahren Sie mehr \u00fcberTiN for Components Mehr sehen CrN Erfahren Sie mehr \u00fcberCrN for Components Mehr sehen HP Cera Erfahren Sie mehr \u00fcberHP Cera for Components Mehr sehen TiN Erfahren Sie mehr \u00fcberTiN f\u00fcr Komponenten Mehr sehen CrN Erfahren Sie mehr \u00fcberCrN f\u00fcr Komponenten Mehr sehen HP Cera Erfahren Sie mehr \u00fcberHP [&hellip;]<\/p>\n","protected":false},"author":1,"featured_media":0,"parent":143,"menu_order":0,"comment_status":"closed","ping_status":"closed","template":"","meta":{"footnotes":""},"class_list":["post-6185","page","type-page","status-publish","hentry"],"yoast_head":"<!-- This site is optimized with the Yoast SEO plugin v27.2 - https:\/\/yoast.com\/product\/yoast-seo-wordpress\/ -->\n<title>PrimusCoating Switzerland | Hochleistungsbeschichtungen f\u00fcr Komponenten<\/title>\n<meta name=\"description\" content=\"Experience durability with Primus Coating&#039;s specialized Mold and Dies coating. Elevate your industrial performance. Contact us now!\" \/>\n<meta name=\"robots\" content=\"noindex, follow, max-snippet:-1, max-image-preview:large, max-video-preview:-1\" \/>\n<meta property=\"og:locale\" content=\"en_US\" \/>\n<meta property=\"og:type\" content=\"article\" \/>\n<meta property=\"og:title\" content=\"PrimusCoating Switzerland | Hochleistungsbeschichtungen f\u00fcr Komponenten\" \/>\n<meta property=\"og:description\" content=\"Experience durability with Primus Coating&#039;s specialized Mold and Dies coating. Elevate your industrial performance. Contact us now!\" \/>\n<meta property=\"og:url\" content=\"https:\/\/primuscoating.com\/switzerland\/beschichtungen\/hochleistungsbeschichtungen-fur-komponenten\/\" \/>\n<meta property=\"og:site_name\" content=\"PrimusCoating Switzerland\" \/>\n<meta property=\"article:publisher\" content=\"https:\/\/www.facebook.com\/primuscoatingusa\" \/>\n<meta property=\"article:modified_time\" content=\"2025-02-19T17:05:05+00:00\" \/>\n<meta name=\"twitter:card\" content=\"summary_large_image\" \/>\n<meta name=\"twitter:label1\" content=\"Est. reading time\" \/>\n\t<meta name=\"twitter:data1\" content=\"1 minute\" \/>\n<script type=\"application\/ld+json\" class=\"yoast-schema-graph\">{\"@context\":\"https:\/\/schema.org\",\"@graph\":[{\"@type\":\"WebPage\",\"@id\":\"https:\/\/primuscoating.com\/switzerland\/beschichtungen\/hochleistungsbeschichtungen-fur-komponenten\/\",\"url\":\"https:\/\/primuscoating.com\/switzerland\/beschichtungen\/hochleistungsbeschichtungen-fur-komponenten\/\",\"name\":\"PrimusCoating Switzerland | Hochleistungsbeschichtungen f\u00fcr Komponenten\",\"isPartOf\":{\"@id\":\"https:\/\/primuscoating.com\/switzerland\/#website\"},\"datePublished\":\"2024-03-27T18:45:48+00:00\",\"dateModified\":\"2025-02-19T17:05:05+00:00\",\"description\":\"Experience durability with Primus Coating's specialized Mold and Dies coating. Elevate your industrial performance. Contact us now!\",\"breadcrumb\":{\"@id\":\"https:\/\/primuscoating.com\/switzerland\/beschichtungen\/hochleistungsbeschichtungen-fur-komponenten\/#breadcrumb\"},\"inLanguage\":\"en-US\",\"potentialAction\":[{\"@type\":\"ReadAction\",\"target\":[\"https:\/\/primuscoating.com\/switzerland\/beschichtungen\/hochleistungsbeschichtungen-fur-komponenten\/\"]}]},{\"@type\":\"BreadcrumbList\",\"@id\":\"https:\/\/primuscoating.com\/switzerland\/beschichtungen\/hochleistungsbeschichtungen-fur-komponenten\/#breadcrumb\",\"itemListElement\":[{\"@type\":\"ListItem\",\"position\":1,\"name\":\"Home\",\"item\":\"https:\/\/primuscoating.com\/switzerland\/\"},{\"@type\":\"ListItem\",\"position\":2,\"name\":\"Beschichtungen\",\"item\":\"https:\/\/primuscoating.com\/switzerland\/beschichtungen\/\"},{\"@type\":\"ListItem\",\"position\":3,\"name\":\"Hochleistungsbeschichtungen f\u00fcr Komponenten\"}]},{\"@type\":\"WebSite\",\"@id\":\"https:\/\/primuscoating.com\/switzerland\/#website\",\"url\":\"https:\/\/primuscoating.com\/switzerland\/\",\"name\":\"Primus Coating\",\"description\":\"\",\"publisher\":{\"@id\":\"https:\/\/primuscoating.com\/switzerland\/#organization\"},\"potentialAction\":[{\"@type\":\"SearchAction\",\"target\":{\"@type\":\"EntryPoint\",\"urlTemplate\":\"https:\/\/primuscoating.com\/switzerland\/?s={search_term_string}\"},\"query-input\":{\"@type\":\"PropertyValueSpecification\",\"valueRequired\":true,\"valueName\":\"search_term_string\"}}],\"inLanguage\":\"en-US\"},{\"@type\":\"Organization\",\"@id\":\"https:\/\/primuscoating.com\/switzerland\/#organization\",\"name\":\"Primus Coating\",\"url\":\"https:\/\/primuscoating.com\/switzerland\/\",\"logo\":{\"@type\":\"ImageObject\",\"inLanguage\":\"en-US\",\"@id\":\"https:\/\/primuscoating.com\/switzerland\/#\/schema\/logo\/image\/\",\"url\":\"https:\/\/primuscoating.com\/switzerland\/wp-content\/uploads\/2024\/01\/Logo_Primus_Coating_cor.png\",\"contentUrl\":\"https:\/\/primuscoating.com\/switzerland\/wp-content\/uploads\/2024\/01\/Logo_Primus_Coating_cor.png\",\"width\":2733,\"height\":579,\"caption\":\"Primus Coating\"},\"image\":{\"@id\":\"https:\/\/primuscoating.com\/switzerland\/#\/schema\/logo\/image\/\"},\"sameAs\":[\"https:\/\/www.facebook.com\/primuscoatingusa\",\"https:\/\/www.instagram.com\/primuscoating\",\"https:\/\/www.linkedin.com\/company\/primuscoating\"]}]}<\/script>\n<!-- \/ Yoast SEO plugin. -->","yoast_head_json":{"title":"PrimusCoating Switzerland | Hochleistungsbeschichtungen f\u00fcr Komponenten","description":"Experience durability with Primus Coating's specialized Mold and Dies coating. Elevate your industrial performance. Contact us now!","robots":{"index":"noindex","follow":"follow","max-snippet":"max-snippet:-1","max-image-preview":"max-image-preview:large","max-video-preview":"max-video-preview:-1"},"og_locale":"en_US","og_type":"article","og_title":"PrimusCoating Switzerland | Hochleistungsbeschichtungen f\u00fcr Komponenten","og_description":"Experience durability with Primus Coating's specialized Mold and Dies coating. Elevate your industrial performance. Contact us now!","og_url":"https:\/\/primuscoating.com\/switzerland\/beschichtungen\/hochleistungsbeschichtungen-fur-komponenten\/","og_site_name":"PrimusCoating Switzerland","article_publisher":"https:\/\/www.facebook.com\/primuscoatingusa","article_modified_time":"2025-02-19T17:05:05+00:00","twitter_card":"summary_large_image","twitter_misc":{"Est. reading time":"1 minute"},"schema":{"@context":"https:\/\/schema.org","@graph":[{"@type":"WebPage","@id":"https:\/\/primuscoating.com\/switzerland\/beschichtungen\/hochleistungsbeschichtungen-fur-komponenten\/","url":"https:\/\/primuscoating.com\/switzerland\/beschichtungen\/hochleistungsbeschichtungen-fur-komponenten\/","name":"PrimusCoating Switzerland | Hochleistungsbeschichtungen f\u00fcr Komponenten","isPartOf":{"@id":"https:\/\/primuscoating.com\/switzerland\/#website"},"datePublished":"2024-03-27T18:45:48+00:00","dateModified":"2025-02-19T17:05:05+00:00","description":"Experience durability with Primus Coating's specialized Mold and Dies coating. Elevate your industrial performance. Contact us now!","breadcrumb":{"@id":"https:\/\/primuscoating.com\/switzerland\/beschichtungen\/hochleistungsbeschichtungen-fur-komponenten\/#breadcrumb"},"inLanguage":"en-US","potentialAction":[{"@type":"ReadAction","target":["https:\/\/primuscoating.com\/switzerland\/beschichtungen\/hochleistungsbeschichtungen-fur-komponenten\/"]}]},{"@type":"BreadcrumbList","@id":"https:\/\/primuscoating.com\/switzerland\/beschichtungen\/hochleistungsbeschichtungen-fur-komponenten\/#breadcrumb","itemListElement":[{"@type":"ListItem","position":1,"name":"Home","item":"https:\/\/primuscoating.com\/switzerland\/"},{"@type":"ListItem","position":2,"name":"Beschichtungen","item":"https:\/\/primuscoating.com\/switzerland\/beschichtungen\/"},{"@type":"ListItem","position":3,"name":"Hochleistungsbeschichtungen f\u00fcr Komponenten"}]},{"@type":"WebSite","@id":"https:\/\/primuscoating.com\/switzerland\/#website","url":"https:\/\/primuscoating.com\/switzerland\/","name":"Primus Coating","description":"","publisher":{"@id":"https:\/\/primuscoating.com\/switzerland\/#organization"},"potentialAction":[{"@type":"SearchAction","target":{"@type":"EntryPoint","urlTemplate":"https:\/\/primuscoating.com\/switzerland\/?s={search_term_string}"},"query-input":{"@type":"PropertyValueSpecification","valueRequired":true,"valueName":"search_term_string"}}],"inLanguage":"en-US"},{"@type":"Organization","@id":"https:\/\/primuscoating.com\/switzerland\/#organization","name":"Primus Coating","url":"https:\/\/primuscoating.com\/switzerland\/","logo":{"@type":"ImageObject","inLanguage":"en-US","@id":"https:\/\/primuscoating.com\/switzerland\/#\/schema\/logo\/image\/","url":"https:\/\/primuscoating.com\/switzerland\/wp-content\/uploads\/2024\/01\/Logo_Primus_Coating_cor.png","contentUrl":"https:\/\/primuscoating.com\/switzerland\/wp-content\/uploads\/2024\/01\/Logo_Primus_Coating_cor.png","width":2733,"height":579,"caption":"Primus Coating"},"image":{"@id":"https:\/\/primuscoating.com\/switzerland\/#\/schema\/logo\/image\/"},"sameAs":["https:\/\/www.facebook.com\/primuscoatingusa","https:\/\/www.instagram.com\/primuscoating","https:\/\/www.linkedin.com\/company\/primuscoating"]}]}},"_links":{"self":[{"href":"https:\/\/primuscoating.com\/switzerland\/wp-json\/wp\/v2\/pages\/6185","targetHints":{"allow":["GET"]}}],"collection":[{"href":"https:\/\/primuscoating.com\/switzerland\/wp-json\/wp\/v2\/pages"}],"about":[{"href":"https:\/\/primuscoating.com\/switzerland\/wp-json\/wp\/v2\/types\/page"}],"author":[{"embeddable":true,"href":"https:\/\/primuscoating.com\/switzerland\/wp-json\/wp\/v2\/users\/1"}],"replies":[{"embeddable":true,"href":"https:\/\/primuscoating.com\/switzerland\/wp-json\/wp\/v2\/comments?post=6185"}],"version-history":[{"count":59,"href":"https:\/\/primuscoating.com\/switzerland\/wp-json\/wp\/v2\/pages\/6185\/revisions"}],"predecessor-version":[{"id":12413,"href":"https:\/\/primuscoating.com\/switzerland\/wp-json\/wp\/v2\/pages\/6185\/revisions\/12413"}],"up":[{"embeddable":true,"href":"https:\/\/primuscoating.com\/switzerland\/wp-json\/wp\/v2\/pages\/143"}],"wp:attachment":[{"href":"https:\/\/primuscoating.com\/switzerland\/wp-json\/wp\/v2\/media?parent=6185"}],"curies":[{"name":"wp","href":"https:\/\/api.w.org\/{rel}","templated":true}]}}